{"id":955,"date":"2026-01-30T01:10:08","date_gmt":"2026-01-30T01:10:08","guid":{"rendered":"https:\/\/gs3av.com\/?page_id=955"},"modified":"2026-02-04T00:05:12","modified_gmt":"2026-02-04T00:05:12","slug":"politique-de-confidentialite","status":"publish","type":"page","link":"https:\/\/gs3av.com\/fr\/politique-de-confidentialite\/","title":{"rendered":"Politique de confidentialit\u00e9"},"content":{"rendered":"\t\t<div data-elementor-type=\"wp-page\" data-elementor-id=\"955\" class=\"elementor elementor-955 elementor-860\">\n\t\t\t\t\t\t\t\t\t<section class=\"elementor-section elementor-top-section elementor-element elementor-element-dbde9fb elementor-section-content-middle elementor-section-boxed elementor-section-height-default elementor-section-height-default\" data-id=\"dbde9fb\" data-element_type=\"section\" data-settings=\"{&quot;background_background&quot;:&quot;classic&quot;}\">\n\t\t\t\t\t\t\t<div class=\"elementor-background-overlay\"><\/div>\n\t\t\t\t\t\t\t<div class=\"elementor-container elementor-column-gap-default\">\n\t\t\t\t\t<div class=\"elementor-column elementor-col-100 elementor-top-column elementor-element elementor-element-571f465\" data-id=\"571f465\" data-element_type=\"column\">\n\t\t\t<div class=\"elementor-widget-wrap elementor-element-populated\">\n\t\t\t\t\t\t\t\t<section class=\"elementor-section elementor-inner-section elementor-element elementor-element-ddaba6a elementor-section-boxed elementor-section-height-default elementor-section-height-default\" data-id=\"ddaba6a\" data-element_type=\"section\">\n\t\t\t\t\t\t<div class=\"elementor-container elementor-column-gap-default\">\n\t\t\t\t\t<div class=\"elementor-column elementor-col-100 elementor-inner-column elementor-element elementor-element-f17f18f\" data-id=\"f17f18f\" data-element_type=\"column\">\n\t\t\t<div class=\"elementor-widget-wrap elementor-element-populated\">\n\t\t\t\t\t\t\t\t<div class=\"elementor-element elementor-element-e4ab0f9 elementor-widget elementor-widget-heading\" data-id=\"e4ab0f9\" data-element_type=\"widget\" data-widget_type=\"heading.default\">\n\t\t\t\t<div class=\"elementor-widget-container\">\n\t\t\t<style>\/*! elementor - v3.13.2 - 11-05-2023 *\/\n.elementor-heading-title{padding:0;margin:0;line-height:1}.elementor-widget-heading .elementor-heading-title[class*=elementor-size-]>a{color:inherit;font-size:inherit;line-height:inherit}.elementor-widget-heading .elementor-heading-title.elementor-size-small{font-size:15px}.elementor-widget-heading .elementor-heading-title.elementor-size-medium{font-size:19px}.elementor-widget-heading .elementor-heading-title.elementor-size-large{font-size:29px}.elementor-widget-heading .elementor-heading-title.elementor-size-xl{font-size:39px}.elementor-widget-heading .elementor-heading-title.elementor-size-xxl{font-size:59px}<\/style><h2 class=\"elementor-heading-title elementor-size-default\">Politique de confidentialit\u00e9<\/h2>\t\t<\/div>\n\t\t\t\t<\/div>\n\t\t\t\t\t<\/div>\n\t\t<\/div>\n\t\t\t\t\t\t\t<\/div>\n\t\t<\/section>\n\t\t\t\t\t<\/div>\n\t\t<\/div>\n\t\t\t\t\t\t\t<\/div>\n\t\t<\/section>\n\t\t\t\t<section class=\"elementor-section elementor-top-section elementor-element elementor-element-6447a48 elementor-section-boxed elementor-section-height-default elementor-section-height-default\" data-id=\"6447a48\" data-element_type=\"section\">\n\t\t\t\t\t\t<div class=\"elementor-container elementor-column-gap-default\">\n\t\t\t\t\t<div class=\"elementor-column elementor-col-100 elementor-top-column elementor-element elementor-element-c3bfd4c\" data-id=\"c3bfd4c\" data-element_type=\"column\">\n\t\t\t<div class=\"elementor-widget-wrap elementor-element-populated\">\n\t\t\t\t\t\t\t\t<div class=\"elementor-element elementor-element-f35422a elementor-widget elementor-widget-text-editor\" data-id=\"f35422a\" data-element_type=\"widget\" data-widget_type=\"text-editor.default\">\n\t\t\t\t<div class=\"elementor-widget-container\">\n\t\t\t<style>\/*! elementor - v3.13.2 - 11-05-2023 *\/\n.elementor-widget-text-editor.elementor-drop-cap-view-stacked .elementor-drop-cap{background-color:#69727d;color:#fff}.elementor-widget-text-editor.elementor-drop-cap-view-framed .elementor-drop-cap{color:#69727d;border:3px solid;background-color:transparent}.elementor-widget-text-editor:not(.elementor-drop-cap-view-default) .elementor-drop-cap{margin-top:8px}.elementor-widget-text-editor:not(.elementor-drop-cap-view-default) .elementor-drop-cap-letter{width:1em;height:1em}.elementor-widget-text-editor .elementor-drop-cap{float:left;text-align:center;line-height:1;font-size:50px}.elementor-widget-text-editor .elementor-drop-cap-letter{display:inline-block}<\/style>\t\t\t\t<p>GS3 INSTAL, S.L.U., en application de la r\u00e9glementation en vigueur en mati\u00e8re de protection des donn\u00e9es \u00e0 caract\u00e8re personnel, informe que les donn\u00e9es personnelles collect\u00e9es via les formulaires du site web :<a href=\"http:\/\/www.gs3av.com\"> www.gs3av.com<\/a>, sont incluses dans les fichiers automatis\u00e9s sp\u00e9cifiques des utilisateurs des services de GS3 INSTAL, S.L.U.<\/p><p>La collecte et le traitement automatis\u00e9 des donn\u00e9es \u00e0 caract\u00e8re personnel ont pour finalit\u00e9 le maintien de la relation commerciale et la r\u00e9alisation de t\u00e2ches d&rsquo;information, de formation, de conseil et d&rsquo;autres activit\u00e9s propres \u00e0 GS3 INSTAL, S.L.U.<\/p><p>Ces donn\u00e9es ne seront c\u00e9d\u00e9es qu&rsquo;aux entit\u00e9s qui en ont besoin dans le seul but de respecter la finalit\u00e9 susmentionn\u00e9e.<\/p><p>GS3 INSTAL, S.L.U. prend les mesures n\u00e9cessaires pour garantir la s\u00e9curit\u00e9, l&rsquo;int\u00e9grit\u00e9 et la confidentialit\u00e9 des donn\u00e9es conform\u00e9ment aux dispositions du r\u00e8glement (UE) 2016\/679 du Parlement europ\u00e9en et du Conseil du 27 avril 2016 relatif \u00e0 la protection des personnes physiques \u00e0 l&rsquo;\u00e9gard du traitement des donn\u00e9es \u00e0 caract\u00e8re personnel et \u00e0 la libre circulation de ces donn\u00e9es, et abrogeant l&rsquo;ancienne LOPD, la nouvelle loi organique 3\/2018 du 5 d\u00e9cembre sur la protection des donn\u00e9es et la garantie des droits num\u00e9riques (LOPDGDD).<\/p><p>L&rsquo;utilisateur peut \u00e0 tout moment exercer ses droits d&rsquo;acc\u00e8s, de rectification, de portabilit\u00e9 et de suppression de ses donn\u00e9es, ainsi que ses droits de limitation et d&rsquo;opposition \u00e0 leur traitement, reconnus dans le r\u00e8glement (UE) susmentionn\u00e9. L&rsquo;utilisateur peut exercer ces droits lui-m\u00eame en envoyant un courrier \u00e9lectronique \u00e0 :<a href=\"mailto:admon@gs3instal.com\">admon@gs3instal.com<\/a> ou \u00e0 l&rsquo;adresse suivante : C\/ De La Castellassa, 42, Nau 1.5, C.P. 08227 &#8211; Terrassa- (Barcelone).<\/p><p>L&rsquo;utilisateur d\u00e9clare que toutes les donn\u00e9es qu&rsquo;il a fournies sont v\u00e9ridiques et exactes, et s&rsquo;engage \u00e0 les maintenir \u00e0 jour, en communiquant les modifications \u00e0 GS3 INSTAL, S.L.U.<\/p><p><strong>Finalit\u00e9 du traitement des donn\u00e9es personnelles :<\/strong><\/p><p><strong>Dans quel but traitons-nous vos donn\u00e9es personnelles ?<\/strong><\/p><p>Chez GS3 INSTAL, S.L.U., nous traiterons vos donn\u00e9es personnelles collect\u00e9es via le site web :<a href=\"http:\/\/www.gs3av.com\"> www.gs3av.com<\/a> , aux fins suivantes :<\/p><ol><li>Fournir ses services en fonction des besoins particuliers des clients, afin de respecter les contrats souscrits par celle-ci.<\/li><li>Envoyer des informations promotionnelles par voie \u00e9lectronique.<\/li><li>Fournir les informations demand\u00e9es par l&rsquo;utilisateur via le formulaire de contact.<\/li><\/ol><p>Nous vous rappelons que vous pouvez vous opposer \u00e0 l&rsquo;envoi de communications commerciales par tout moyen et \u00e0 tout moment, en envoyant un courrier \u00e9lectronique \u00e0 l&rsquo;adresse indiqu\u00e9e ci-dessus.<\/p><p>Les champs de ces formulaires doivent \u00eatre remplis obligatoirement, sans quoi il sera impossible de r\u00e9aliser les finalit\u00e9s indiqu\u00e9es.<\/p><p><strong>Combien de temps les donn\u00e9es personnelles collect\u00e9es sont-elles conserv\u00e9es ?<\/strong><\/p><p>Les donn\u00e9es personnelles fournies seront conserv\u00e9es tant que la relation commerciale sera maintenue ou que vous ne demanderez pas leur suppression, et pendant la dur\u00e9e pendant laquelle des responsabilit\u00e9s l\u00e9gales pourraient d\u00e9couler des services fournis.<\/p><p>L\u00e9gitimation :<\/p><p>Le traitement de vos donn\u00e9es est effectu\u00e9 sur la base des fondements juridiques suivants qui le l\u00e9gitiment :<\/p><ol><li>La demande d&rsquo;informations et\/ou la souscription aux services de GS3 INSTAL, S.L.U., dont les conditions g\u00e9n\u00e9rales seront mises \u00e0 votre disposition dans tous les cas, avant toute souscription \u00e9ventuelle.<\/li><li>Le consentement libre, sp\u00e9cifique, \u00e9clair\u00e9 et sans \u00e9quivoque, dans la mesure o\u00f9 nous vous informons en mettant \u00e0 votre disposition la pr\u00e9sente politique de confidentialit\u00e9, que vous pouvez accepter, apr\u00e8s l&rsquo;avoir lue, par une d\u00e9claration ou une action affirmative claire, telle que le fait de cocher une case pr\u00e9vue \u00e0 cet effet.<\/li><\/ol><p>Si vous ne nous fournissez pas vos donn\u00e9es ou si vous le faites de mani\u00e8re erron\u00e9e ou incompl\u00e8te, nous ne pourrons pas r\u00e9pondre \u00e0 votre demande, et il nous sera alors impossible de vous fournir les informations demand\u00e9es ou de proc\u00e9der \u00e0 la souscription des services.<\/p><p>Destinataires :<\/p><p>Les donn\u00e9es ne seront communiqu\u00e9es \u00e0 aucun tiers \u00e9tranger \u00e0 GS3 INSTAL, S.L.U., sauf obligation l\u00e9gale.<\/p><p>Donn\u00e9es collect\u00e9es par les utilisateurs des services<\/p><p>Dans les cas o\u00f9 l&rsquo;utilisateur inclut des fichiers contenant des donn\u00e9es \u00e0 caract\u00e8re personnel sur les serveurs d&rsquo;h\u00e9bergement partag\u00e9, GS3 INSTAL, S.L.U. n&rsquo;est pas responsable du non-respect du RGPD par l&rsquo;utilisateur.<\/p><p>Droits de propri\u00e9t\u00e9 intellectuelle d&rsquo;www.gs3av.com<\/p><p>GS3 INSTAL, S.L.U. est titulaire de tous les droits d&rsquo;auteur, de propri\u00e9t\u00e9 intellectuelle, industrielle, du \u00ab savoir-faire \u00bb et de tous les autres droits li\u00e9s au contenu du site web www.gs3av.com et aux services qui y sont propos\u00e9s, ainsi que des programmes n\u00e9cessaires \u00e0 sa mise en \u0153uvre et des informations connexes.<\/p><p>La reproduction, la publication et\/ou l&rsquo;utilisation non strictement priv\u00e9e du contenu, total ou partiel, du site web www.gs3av.com sont interdites sans autorisation pr\u00e9alable et \u00e9crite.<\/p><p>Propri\u00e9t\u00e9 intellectuelle du logiciel<\/p><p>L&rsquo;utilisateur doit respecter les programmes de tiers mis \u00e0 sa disposition par GS3 INSTAL, S.L.U., m\u00eame s&rsquo;ils sont gratuits et\/ou accessibles au public.<\/p><p>GS3 INSTAL, S.L.U. dispose des droits d&rsquo;exploitation et de propri\u00e9t\u00e9 intellectuelle n\u00e9cessaires sur le logiciel.<\/p><p>L&rsquo;utilisateur n&rsquo;acquiert aucun droit ni licence pour le service souscrit, sur le logiciel n\u00e9cessaire \u00e0 la prestation du service, ni sur les informations techniques de suivi du service, \u00e0 l&rsquo;exception des droits et licences n\u00e9cessaires \u00e0 l&rsquo;ex\u00e9cution des services souscrits et uniquement pendant la dur\u00e9e de ceux-ci.<\/p><p>Pour toute action d\u00e9passant le cadre de l&rsquo;ex\u00e9cution du contrat, l&rsquo;utilisateur devra obtenir l&rsquo;autorisation \u00e9crite de GS3 INSTAL, S.L.U., l&rsquo;utilisateur n&rsquo;\u00e9tant pas autoris\u00e9 \u00e0 acc\u00e9der, modifier, visualiser la configuration, la structure et les fichiers des serveurs appartenant \u00e0 GS3 INSTAL, S.L.U., et assumera la responsabilit\u00e9 civile et p\u00e9nale d\u00e9coulant de tout incident pouvant survenir sur les serveurs et les syst\u00e8mes de s\u00e9curit\u00e9 en cons\u00e9quence directe d&rsquo;une action n\u00e9gligente ou malveillante de sa part.<\/p><p>Propri\u00e9t\u00e9 intellectuelle des contenus h\u00e9berg\u00e9s<\/p><p>Toute utilisation contraire \u00e0 la l\u00e9gislation sur la propri\u00e9t\u00e9 intellectuelle des services fournis par GS3 INSTAL, S.L.U. est interdite, en particulier :<\/p><ol><li>Toute utilisation contraire aux lois espagnoles ou qui enfreint les droits de tiers.<\/li><li>La publication ou la transmission de tout contenu qui, selon GS3 INSTAL, S.L.U., est violent, obsc\u00e8ne, abusif, ill\u00e9gal, raciste, x\u00e9nophobe ou diffamatoire.<\/li><li>Les cracks, num\u00e9ros de s\u00e9rie de programmes ou tout autre contenu qui enfreint les droits de propri\u00e9t\u00e9 intellectuelle de tiers.<\/li><li>La collecte et\/ou l&rsquo;utilisation des donn\u00e9es personnelles d&rsquo;autres utilisateurs sans leur consentement expr\u00e8s ou en violation des dispositions du r\u00e8glement (UE) 2016\/679 du Parlement europ\u00e9en et du Conseil du 27 avril 2016 relatif \u00e0 la protection des personnes physiques \u00e0 l&rsquo;\u00e9gard du traitement des donn\u00e9es \u00e0 caract\u00e8re personnel et \u00e0 la libre circulation de ces donn\u00e9es.<\/li><li>L&rsquo;utilisation du serveur de messagerie du domaine et des adresses \u00e9lectroniques pour l&rsquo;envoi de courriers \u00e9lectroniques ind\u00e9sirables en masse.<\/li><\/ol><p>L&rsquo;utilisateur est enti\u00e8rement responsable du contenu de son site web, des informations transmises et stock\u00e9es, des liens hypertextes, des r\u00e9clamations de tiers et des actions en justice relatives \u00e0 la propri\u00e9t\u00e9 intellectuelle, aux droits des tiers et \u00e0 la protection des mineurs.<\/p><p>L&rsquo;utilisateur est responsable du respect des lois et r\u00e8glements en vigueur et des r\u00e8gles relatives au fonctionnement du service en ligne, au commerce \u00e9lectronique, aux droits d&rsquo;auteur, au maintien de l&rsquo;ordre public, ainsi qu&rsquo;aux principes universels d&rsquo;utilisation d&rsquo;Internet.<\/p><p>L&rsquo;utilisateur indemnisera GS3 INSTAL, S.L.U. pour les frais occasionn\u00e9s par la mise en cause de GS3 INSTAL, S.L.U. dans toute affaire dont la responsabilit\u00e9 serait imputable \u00e0 l&rsquo;utilisateur, y compris les honoraires et frais de d\u00e9fense juridique, m\u00eame en cas de d\u00e9cision judiciaire non d\u00e9finitive.<\/p><p>Protection des informations h\u00e9berg\u00e9es<\/p><p>GS3 INSTAL, S.L.U. effectue des copies de sauvegarde des contenus h\u00e9berg\u00e9s sur ses serveurs, mais n&rsquo;est pas responsable de la perte ou de la suppression accidentelle des donn\u00e9es par les utilisateurs. De m\u00eame, elle ne garantit pas le remplacement total des donn\u00e9es supprim\u00e9es par les utilisateurs, car ces donn\u00e9es pourraient avoir \u00e9t\u00e9 supprim\u00e9es et\/ou modifi\u00e9es pendant la p\u00e9riode \u00e9coul\u00e9e depuis la derni\u00e8re sauvegarde.<\/p><p>Les services propos\u00e9s, \u00e0 l&rsquo;exception des services sp\u00e9cifiques de sauvegarde, n&rsquo;incluent pas le remplacement des contenus conserv\u00e9s dans les copies de sauvegarde r\u00e9alis\u00e9es par GS3 INSTAL, S.L.U., lorsque cette perte est imputable \u00e0 l&rsquo;utilisateur ; dans ce cas, un tarif sera d\u00e9termin\u00e9 en fonction de la complexit\u00e9 et du volume de la r\u00e9cup\u00e9ration, toujours apr\u00e8s acceptation pr\u00e9alable de l&rsquo;utilisateur.<\/p><p>Le remplacement des donn\u00e9es supprim\u00e9es n&rsquo;est inclus dans le prix du service que lorsque la perte du contenu est due \u00e0 des causes imputables \u00e0 GS3 INSTAL, S.L.U..<\/p><p>Communications commerciales<\/p><p>En application de la LSSI, GS3 INSTAL, S.L.U. n&rsquo;enverra pas de communications publicitaires ou promotionnelles par courrier \u00e9lectronique ou tout autre moyen de communication \u00e9lectronique \u00e9quivalent qui n&rsquo;auraient pas \u00e9t\u00e9 pr\u00e9alablement demand\u00e9es ou express\u00e9ment autoris\u00e9es par leurs destinataires.<\/p><p>Dans le cas d&rsquo;utilisateurs avec lesquels il existe une relation contractuelle pr\u00e9alable, GS3 INSTAL, S.L.U. est autoris\u00e9e \u00e0 envoyer des communications commerciales concernant des produits ou services de GS3 INSTAL, S.L.U. similaires \u00e0 ceux qui ont initialement fait l&rsquo;objet du contrat avec le client.<\/p><p>Dans tous les cas, l&rsquo;utilisateur, apr\u00e8s avoir prouv\u00e9 son identit\u00e9, peut demander \u00e0 ne plus recevoir d&rsquo;informations commerciales par le biais des canaux du service client\u00e8le.<\/p><p>\u00a0<\/p>\t\t\t\t\t\t<\/div>\n\t\t\t\t<\/div>\n\t\t\t\t\t<\/div>\n\t\t<\/div>\n\t\t\t\t\t\t\t<\/div>\n\t\t<\/section>\n\t\t\t\t\t\t\t<\/div>\n\t\t","protected":false},"excerpt":{"rendered":"<p>Politique de confidentialit\u00e9 GS3 INSTAL, S.L.U., en application de la r\u00e9glementation en vigueur en mati\u00e8re de protection des donn\u00e9es \u00e0 caract\u00e8re personnel, informe que les donn\u00e9es personnelles collect\u00e9es via les formulaires du site web : www.gs3av.com, sont incluses dans les fichiers automatis\u00e9s sp\u00e9cifiques des utilisateurs des services de GS3 INSTAL, S.L.U. La collecte et le &hellip;<\/p>\n<p class=\"read-more\"> <a class=\"\" href=\"https:\/\/gs3av.com\/fr\/politique-de-confidentialite\/\"> <span class=\"screen-reader-text\">Politique de confidentialit\u00e9<\/span> Lire la suite\u00a0\u00bb<\/a><\/p>\n","protected":false},"author":1,"featured_media":0,"parent":0,"menu_order":0,"comment_status":"closed","ping_status":"closed","template":"elementor_header_footer","meta":{"site-sidebar-layout":"no-sidebar","site-content-layout":"page-builder","ast-global-header-display":"","ast-banner-title-visibility":"","ast-main-header-display":"","ast-hfb-above-header-display":"","ast-hfb-below-header-display":"","ast-hfb-mobile-header-display":"","site-post-title":"disabled","ast-breadcrumbs-content":"","ast-featured-img":"disabled","footer-sml-layout":"","theme-transparent-header-meta":"default","adv-header-id-meta":"","stick-header-meta":"","header-above-stick-meta":"","header-main-stick-meta":"","header-below-stick-meta":""},"_links":{"self":[{"href":"https:\/\/gs3av.com\/fr\/wp-json\/wp\/v2\/pages\/955"}],"collection":[{"href":"https:\/\/gs3av.com\/fr\/wp-json\/wp\/v2\/pages"}],"about":[{"href":"https:\/\/gs3av.com\/fr\/wp-json\/wp\/v2\/types\/page"}],"author":[{"embeddable":true,"href":"https:\/\/gs3av.com\/fr\/wp-json\/wp\/v2\/users\/1"}],"replies":[{"embeddable":true,"href":"https:\/\/gs3av.com\/fr\/wp-json\/wp\/v2\/comments?post=955"}],"version-history":[{"count":7,"href":"https:\/\/gs3av.com\/fr\/wp-json\/wp\/v2\/pages\/955\/revisions"}],"predecessor-version":[{"id":962,"href":"https:\/\/gs3av.com\/fr\/wp-json\/wp\/v2\/pages\/955\/revisions\/962"}],"wp:attachment":[{"href":"https:\/\/gs3av.com\/fr\/wp-json\/wp\/v2\/media?parent=955"}],"curies":[{"name":"wp","href":"https:\/\/api.w.org\/{rel}","templated":true}]}}