{"id":828,"date":"2023-05-23T23:22:43","date_gmt":"2023-05-23T23:22:43","guid":{"rendered":"https:\/\/gs3av.com\/?page_id=828"},"modified":"2026-02-03T23:45:16","modified_gmt":"2026-02-03T23:45:16","slug":"avis-juridique","status":"publish","type":"page","link":"https:\/\/gs3av.com\/fr\/avis-juridique\/","title":{"rendered":"Avis juridique"},"content":{"rendered":"\t\t<div data-elementor-type=\"wp-page\" data-elementor-id=\"828\" class=\"elementor elementor-828 elementor-818\">\n\t\t\t\t\t\t\t\t\t<section class=\"elementor-section elementor-top-section elementor-element elementor-element-57696d3 elementor-section-content-middle elementor-section-boxed elementor-section-height-default elementor-section-height-default\" data-id=\"57696d3\" data-element_type=\"section\" data-settings=\"{&quot;background_background&quot;:&quot;classic&quot;}\">\n\t\t\t\t\t\t\t<div class=\"elementor-background-overlay\"><\/div>\n\t\t\t\t\t\t\t<div class=\"elementor-container elementor-column-gap-default\">\n\t\t\t\t\t<div class=\"elementor-column elementor-col-100 elementor-top-column elementor-element elementor-element-e792cdf\" data-id=\"e792cdf\" data-element_type=\"column\">\n\t\t\t<div class=\"elementor-widget-wrap elementor-element-populated\">\n\t\t\t\t\t\t\t\t<section class=\"elementor-section elementor-inner-section elementor-element elementor-element-2278292 elementor-section-boxed elementor-section-height-default elementor-section-height-default\" data-id=\"2278292\" data-element_type=\"section\">\n\t\t\t\t\t\t<div class=\"elementor-container elementor-column-gap-default\">\n\t\t\t\t\t<div class=\"elementor-column elementor-col-100 elementor-inner-column elementor-element elementor-element-4597bf0\" data-id=\"4597bf0\" data-element_type=\"column\">\n\t\t\t<div class=\"elementor-widget-wrap elementor-element-populated\">\n\t\t\t\t\t\t\t\t<div class=\"elementor-element elementor-element-5c6f0a7 elementor-widget elementor-widget-heading\" data-id=\"5c6f0a7\" data-element_type=\"widget\" data-widget_type=\"heading.default\">\n\t\t\t\t<div class=\"elementor-widget-container\">\n\t\t\t<style>\/*! elementor - v3.13.2 - 11-05-2023 *\/\n.elementor-heading-title{padding:0;margin:0;line-height:1}.elementor-widget-heading .elementor-heading-title[class*=elementor-size-]>a{color:inherit;font-size:inherit;line-height:inherit}.elementor-widget-heading .elementor-heading-title.elementor-size-small{font-size:15px}.elementor-widget-heading .elementor-heading-title.elementor-size-medium{font-size:19px}.elementor-widget-heading .elementor-heading-title.elementor-size-large{font-size:29px}.elementor-widget-heading .elementor-heading-title.elementor-size-xl{font-size:39px}.elementor-widget-heading .elementor-heading-title.elementor-size-xxl{font-size:59px}<\/style><h2 class=\"elementor-heading-title elementor-size-default\">Avis juridique\n<\/h2>\t\t<\/div>\n\t\t\t\t<\/div>\n\t\t\t\t\t<\/div>\n\t\t<\/div>\n\t\t\t\t\t\t\t<\/div>\n\t\t<\/section>\n\t\t\t\t\t<\/div>\n\t\t<\/div>\n\t\t\t\t\t\t\t<\/div>\n\t\t<\/section>\n\t\t\t\t<section class=\"elementor-section elementor-top-section elementor-element elementor-element-e6ab333 elementor-section-boxed elementor-section-height-default elementor-section-height-default\" data-id=\"e6ab333\" data-element_type=\"section\">\n\t\t\t\t\t\t<div class=\"elementor-container elementor-column-gap-default\">\n\t\t\t\t\t<div class=\"elementor-column elementor-col-100 elementor-top-column elementor-element elementor-element-5565607\" data-id=\"5565607\" data-element_type=\"column\">\n\t\t\t<div class=\"elementor-widget-wrap elementor-element-populated\">\n\t\t\t\t\t\t\t\t<div class=\"elementor-element elementor-element-bf7266d elementor-widget elementor-widget-text-editor\" data-id=\"bf7266d\" data-element_type=\"widget\" data-widget_type=\"text-editor.default\">\n\t\t\t\t<div class=\"elementor-widget-container\">\n\t\t\t<style>\/*! elementor - v3.13.2 - 11-05-2023 *\/\n.elementor-widget-text-editor.elementor-drop-cap-view-stacked .elementor-drop-cap{background-color:#69727d;color:#fff}.elementor-widget-text-editor.elementor-drop-cap-view-framed .elementor-drop-cap{color:#69727d;border:3px solid;background-color:transparent}.elementor-widget-text-editor:not(.elementor-drop-cap-view-default) .elementor-drop-cap{margin-top:8px}.elementor-widget-text-editor:not(.elementor-drop-cap-view-default) .elementor-drop-cap-letter{width:1em;height:1em}.elementor-widget-text-editor .elementor-drop-cap{float:left;text-align:center;line-height:1;font-size:50px}.elementor-widget-text-editor .elementor-drop-cap-letter{display:inline-block}<\/style>\t\t\t\t<p>Conform\u00e9ment \u00e0 l&rsquo;obligation d&rsquo;information pr\u00e9vue \u00e0 l&rsquo;article 10 de la loi 34\/2002 du 11 juillet relative aux services de la soci\u00e9t\u00e9 de l&rsquo;information et au commerce \u00e9lectronique (LSSICE), le propri\u00e9taire du site web vous informe de ce qui suit :<\/p><ul><li>Raison sociale : GS3 INSTAL, S.L.U.<\/li><li>Num\u00e9ro d&rsquo;identification fiscale : B44580579<\/li><li>Adresse : C\/ De La Castellassa, 42, Nau 1.5, 08227 &#8211; Terrassa- (Barcelone)<\/li><\/ul><p>Inscrite au registre du commerce de BARCELONE au tome 48609, folio 174, section 8, feuille num\u00e9ro B 589927, inscription 1<\/p><p>Dans les limites fix\u00e9es par la loi, GS3 INSTAL, S.L.U. n&rsquo;assume aucune responsabilit\u00e9 d\u00e9coulant du manque de v\u00e9racit\u00e9, d&rsquo;int\u00e9grit\u00e9, d&rsquo;actualit\u00e9 et d&rsquo;exactitude des donn\u00e9es ou informations contenues dans ses pages web.<\/p><p>Les contenus et informations ne lient pas GS3 INSTAL, S.L.U. et ne constituent en aucun cas des opinions, des conseils ou des avis juridiques, car il s&rsquo;agit uniquement d&rsquo;un service offert \u00e0 titre informatif et divulgatif.<\/p><p>Les pages Internet de GS3 INSTAL, S.L.U. peuvent contenir des liens vers d&rsquo;autres pages de tiers que GS3 INSTAL, S.L.U. ne peut contr\u00f4ler. Par cons\u00e9quent, GS3 INSTAL, S.L.U. ne peut \u00eatre tenue responsable du contenu pouvant appara\u00eetre sur les pages de tiers.<\/p><p>Les textes, images, sons, animations, logiciels et autres contenus inclus dans ce site web sont la propri\u00e9t\u00e9 exclusive de GS3 INSTAL, S.L.U. ou de ses conc\u00e9dants de licence. Tout acte de transmission, distribution, cession, reproduction, stockage ou communication publique totale ou partielle doit avoir le consentement expr\u00e8s de GS3 INSTAL, S.L.U.<\/p><p>De m\u00eame, pour acc\u00e9der \u00e0 certains des services que GS3 INSTAL, S.L.U. propose sur son site web, vous devrez fournir certaines donn\u00e9es \u00e0 caract\u00e8re personnel. Conform\u00e9ment aux dispositions du r\u00e8glement (UE) 2016\/679 du Parlement europ\u00e9en et du Conseil du 27 avril 2016 relatif \u00e0 la protection des personnes physiques \u00e0 l&rsquo;\u00e9gard du traitement des donn\u00e9es \u00e0 caract\u00e8re personnel et \u00e0 la libre circulation de ces donn\u00e9es, nous vous informons qu&rsquo;en remplissant les pr\u00e9sents formulaires, vos donn\u00e9es personnelles seront incorpor\u00e9es et trait\u00e9es dans les fichiers de GS3 INSTAL, S.L.U. afin de pouvoir vous fournir et vous proposer nos services, ainsi que pour vous informer des am\u00e9liorations apport\u00e9es au site web.<\/p><p>Nous vous informons \u00e9galement que vous aurez \u00e0 tout moment la possibilit\u00e9 d&rsquo;exercer vos droits d&rsquo;acc\u00e8s, de rectification, de portabilit\u00e9 et de suppression de vos donn\u00e9es, ainsi que vos droits de limitation et d&rsquo;opposition \u00e0 leur traitement, en envoyant gratuitement un e-mail \u00e0 :<a href=\"mailto:admon@gs3instal.com\">admon@gs3instal.com<\/a> ou \u00e0 l&rsquo;adresse suivante : C\/ De La Castellassa, 42, Nau 1.5, 08227 &#8211; Terrassa (Barcelone).<\/p>\t\t\t\t\t\t<\/div>\n\t\t\t\t<\/div>\n\t\t\t\t\t<\/div>\n\t\t<\/div>\n\t\t\t\t\t\t\t<\/div>\n\t\t<\/section>\n\t\t\t\t\t\t\t<\/div>\n\t\t","protected":false},"excerpt":{"rendered":"<p>Avis juridique Conform\u00e9ment \u00e0 l&rsquo;obligation d&rsquo;information pr\u00e9vue \u00e0 l&rsquo;article 10 de la loi 34\/2002 du 11 juillet relative aux services de la soci\u00e9t\u00e9 de l&rsquo;information et au commerce \u00e9lectronique (LSSICE), le propri\u00e9taire du site web vous informe de ce qui suit : Raison sociale : GS3 INSTAL, S.L.U. Num\u00e9ro d&rsquo;identification fiscale : B44580579 Adresse : &hellip;<\/p>\n<p class=\"read-more\"> <a class=\"\" href=\"https:\/\/gs3av.com\/fr\/avis-juridique\/\"> <span class=\"screen-reader-text\">Avis juridique<\/span> Lire la suite\u00a0\u00bb<\/a><\/p>\n","protected":false},"author":1,"featured_media":0,"parent":0,"menu_order":0,"comment_status":"closed","ping_status":"closed","template":"elementor_header_footer","meta":{"site-sidebar-layout":"no-sidebar","site-content-layout":"page-builder","ast-global-header-display":"","ast-banner-title-visibility":"","ast-main-header-display":"","ast-hfb-above-header-display":"","ast-hfb-below-header-display":"","ast-hfb-mobile-header-display":"","site-post-title":"disabled","ast-breadcrumbs-content":"","ast-featured-img":"disabled","footer-sml-layout":"","theme-transparent-header-meta":"default","adv-header-id-meta":"","stick-header-meta":"","header-above-stick-meta":"","header-main-stick-meta":"","header-below-stick-meta":""},"_links":{"self":[{"href":"https:\/\/gs3av.com\/fr\/wp-json\/wp\/v2\/pages\/828"}],"collection":[{"href":"https:\/\/gs3av.com\/fr\/wp-json\/wp\/v2\/pages"}],"about":[{"href":"https:\/\/gs3av.com\/fr\/wp-json\/wp\/v2\/types\/page"}],"author":[{"embeddable":true,"href":"https:\/\/gs3av.com\/fr\/wp-json\/wp\/v2\/users\/1"}],"replies":[{"embeddable":true,"href":"https:\/\/gs3av.com\/fr\/wp-json\/wp\/v2\/comments?post=828"}],"version-history":[{"count":7,"href":"https:\/\/gs3av.com\/fr\/wp-json\/wp\/v2\/pages\/828\/revisions"}],"predecessor-version":[{"id":946,"href":"https:\/\/gs3av.com\/fr\/wp-json\/wp\/v2\/pages\/828\/revisions\/946"}],"wp:attachment":[{"href":"https:\/\/gs3av.com\/fr\/wp-json\/wp\/v2\/media?parent=828"}],"curies":[{"name":"wp","href":"https:\/\/api.w.org\/{rel}","templated":true}]}}