{"id":756,"date":"2023-05-22T20:54:51","date_gmt":"2023-05-22T20:54:51","guid":{"rendered":"https:\/\/gs3av.com\/?page_id=756"},"modified":"2026-02-03T23:37:07","modified_gmt":"2026-02-03T23:37:07","slug":"politiques-aux-cookies","status":"publish","type":"page","link":"https:\/\/gs3av.com\/fr\/politiques-aux-cookies\/","title":{"rendered":"Politique de cookies"},"content":{"rendered":"\t\t<div data-elementor-type=\"wp-page\" data-elementor-id=\"756\" class=\"elementor elementor-756 elementor-694\">\n\t\t\t\t\t\t\t\t\t<section class=\"elementor-section elementor-top-section elementor-element elementor-element-14d63c3b elementor-section-content-middle elementor-section-boxed elementor-section-height-default elementor-section-height-default\" data-id=\"14d63c3b\" data-element_type=\"section\" data-settings=\"{&quot;background_background&quot;:&quot;classic&quot;}\">\n\t\t\t\t\t\t\t<div class=\"elementor-background-overlay\"><\/div>\n\t\t\t\t\t\t\t<div class=\"elementor-container elementor-column-gap-default\">\n\t\t\t\t\t<div class=\"elementor-column elementor-col-100 elementor-top-column elementor-element elementor-element-5a03ed20\" data-id=\"5a03ed20\" data-element_type=\"column\">\n\t\t\t<div class=\"elementor-widget-wrap elementor-element-populated\">\n\t\t\t\t\t\t\t\t<section class=\"elementor-section elementor-inner-section elementor-element elementor-element-66bf63 elementor-section-boxed elementor-section-height-default elementor-section-height-default\" data-id=\"66bf63\" data-element_type=\"section\">\n\t\t\t\t\t\t<div class=\"elementor-container elementor-column-gap-default\">\n\t\t\t\t\t<div class=\"elementor-column elementor-col-100 elementor-inner-column elementor-element elementor-element-71a0b877\" data-id=\"71a0b877\" data-element_type=\"column\">\n\t\t\t<div class=\"elementor-widget-wrap elementor-element-populated\">\n\t\t\t\t\t\t\t\t<div class=\"elementor-element elementor-element-7354323d elementor-widget elementor-widget-heading\" data-id=\"7354323d\" data-element_type=\"widget\" data-widget_type=\"heading.default\">\n\t\t\t\t<div class=\"elementor-widget-container\">\n\t\t\t<style>\/*! elementor - v3.13.2 - 11-05-2023 *\/\n.elementor-heading-title{padding:0;margin:0;line-height:1}.elementor-widget-heading .elementor-heading-title[class*=elementor-size-]>a{color:inherit;font-size:inherit;line-height:inherit}.elementor-widget-heading .elementor-heading-title.elementor-size-small{font-size:15px}.elementor-widget-heading .elementor-heading-title.elementor-size-medium{font-size:19px}.elementor-widget-heading .elementor-heading-title.elementor-size-large{font-size:29px}.elementor-widget-heading .elementor-heading-title.elementor-size-xl{font-size:39px}.elementor-widget-heading .elementor-heading-title.elementor-size-xxl{font-size:59px}<\/style><h2 class=\"elementor-heading-title elementor-size-default\">Politique de cookies<\/h2>\t\t<\/div>\n\t\t\t\t<\/div>\n\t\t\t\t\t<\/div>\n\t\t<\/div>\n\t\t\t\t\t\t\t<\/div>\n\t\t<\/section>\n\t\t\t\t\t<\/div>\n\t\t<\/div>\n\t\t\t\t\t\t\t<\/div>\n\t\t<\/section>\n\t\t\t\t<section class=\"elementor-section elementor-top-section elementor-element elementor-element-363c145d elementor-section-boxed elementor-section-height-default elementor-section-height-default\" data-id=\"363c145d\" data-element_type=\"section\">\n\t\t\t\t\t\t<div class=\"elementor-container elementor-column-gap-default\">\n\t\t\t\t\t<div class=\"elementor-column elementor-col-100 elementor-top-column elementor-element elementor-element-62f77561\" data-id=\"62f77561\" data-element_type=\"column\">\n\t\t\t<div class=\"elementor-widget-wrap elementor-element-populated\">\n\t\t\t\t\t\t\t\t<div class=\"elementor-element elementor-element-753e37ff elementor-widget elementor-widget-text-editor\" data-id=\"753e37ff\" data-element_type=\"widget\" data-widget_type=\"text-editor.default\">\n\t\t\t\t<div class=\"elementor-widget-container\">\n\t\t\t<style>\/*! elementor - v3.13.2 - 11-05-2023 *\/\n.elementor-widget-text-editor.elementor-drop-cap-view-stacked .elementor-drop-cap{background-color:#69727d;color:#fff}.elementor-widget-text-editor.elementor-drop-cap-view-framed .elementor-drop-cap{color:#69727d;border:3px solid;background-color:transparent}.elementor-widget-text-editor:not(.elementor-drop-cap-view-default) .elementor-drop-cap{margin-top:8px}.elementor-widget-text-editor:not(.elementor-drop-cap-view-default) .elementor-drop-cap-letter{width:1em;height:1em}.elementor-widget-text-editor .elementor-drop-cap{float:left;text-align:center;line-height:1;font-size:50px}.elementor-widget-text-editor .elementor-drop-cap-letter{display:inline-block}<\/style>\t\t\t\t<p>GS3 INSTAL, S.L.U. informe sur l&rsquo;utilisation des cookies sur son site web :<a href=\"http:\/\/www.gs3av.com\"> www.gs3av.com<\/a><\/p><p><strong>Que sont les cookies ?<\/strong><\/p><p>Les cookies sont des fichiers qui peuvent \u00eatre t\u00e9l\u00e9charg\u00e9s sur votre ordinateur via les sites web. Ce sont des outils qui jouent un r\u00f4le essentiel dans la fourniture de nombreux services de la soci\u00e9t\u00e9 de l&rsquo;information. Ils permettent notamment \u00e0 un site web de stocker et de r\u00e9cup\u00e9rer des informations sur les habitudes de navigation d&rsquo;un utilisateur ou de son ordinateur et, en fonction des informations obtenues, ils peuvent \u00eatre utilis\u00e9s pour reconna\u00eetre l&rsquo;utilisateur et am\u00e9liorer le service offert.<\/p><p><strong>Types de cookies<\/strong><\/p><p>Selon l&rsquo;entit\u00e9 qui g\u00e8re le domaine \u00e0 partir duquel les cookies sont envoy\u00e9s et traite les donn\u00e9es obtenues, on peut distinguer deux types de cookies :<\/p><ul><li>Cookies propres : ceux qui sont envoy\u00e9s \u00e0 l&rsquo;\u00e9quipement terminal de l&rsquo;utilisateur \u00e0 partir d&rsquo;un \u00e9quipement ou d&rsquo;un domaine g\u00e9r\u00e9 par l&rsquo;\u00e9diteur lui-m\u00eame et \u00e0 partir duquel le service demand\u00e9 par l&rsquo;utilisateur est fourni.<\/li><li>Cookies tiers : ceux qui sont envoy\u00e9s \u00e0 l&rsquo;\u00e9quipement terminal de l&rsquo;utilisateur \u00e0 partir d&rsquo;un \u00e9quipement ou d&rsquo;un domaine qui n&rsquo;est pas g\u00e9r\u00e9 par l&rsquo;\u00e9diteur, mais par une autre entit\u00e9 qui traite les donn\u00e9es obtenues par le biais des cookies.<\/li><\/ul><p>Si les cookies sont install\u00e9s \u00e0 partir d&rsquo;un \u00e9quipement ou d&rsquo;un domaine g\u00e9r\u00e9 par l&rsquo;\u00e9diteur lui-m\u00eame, mais que les informations collect\u00e9es par leur interm\u00e9diaire sont g\u00e9r\u00e9es par un tiers, ils ne peuvent \u00eatre consid\u00e9r\u00e9s comme des cookies propres.<\/p><p>Il existe \u00e9galement une deuxi\u00e8me classification en fonction de la dur\u00e9e de conservation dans le navigateur du client, qui peut \u00eatre :<\/p><ul><li>Cookies de session : con\u00e7us pour collecter et stocker des donn\u00e9es pendant que l&rsquo;utilisateur acc\u00e8de \u00e0 une page web. Ils sont g\u00e9n\u00e9ralement utilis\u00e9s pour stocker des informations qui ne doivent \u00eatre conserv\u00e9es que pour la prestation du service demand\u00e9 par l&rsquo;utilisateur \u00e0 une seule occasion (par exemple, une liste de produits achet\u00e9s).<\/li><li>Cookies persistants : les donn\u00e9es restent stock\u00e9es sur le terminal et peuvent \u00eatre consult\u00e9es et trait\u00e9es pendant une p\u00e9riode d\u00e9finie par le responsable du cookie, qui peut aller de quelques minutes \u00e0 plusieurs ann\u00e9es.<\/li><\/ul><p>Enfin, il existe une autre classification avec six types de cookies en fonction de la finalit\u00e9 pour laquelle les donn\u00e9es obtenues sont trait\u00e9es :<\/p><ul><li>Cookies techniques : ceux qui permettent \u00e0 l&rsquo;utilisateur de naviguer sur un site web, une plateforme ou une application et d&rsquo;utiliser les diff\u00e9rentes options ou services qui y sont propos\u00e9s, par exemple contr\u00f4ler le trafic et la communication de donn\u00e9es, identifier la session, acc\u00e9der \u00e0 des parties \u00e0 acc\u00e8s restreint, m\u00e9moriser les \u00e9l\u00e9ments composant une commande, r\u00e9aliser le processus d&rsquo;achat d&rsquo;une commande, effectuer la demande d&rsquo;inscription ou de participation \u00e0 un \u00e9v\u00e9nement, utiliser des \u00e9l\u00e9ments de s\u00e9curit\u00e9 pendant la navigation, stocker des contenus pour la diffusion de vid\u00e9os ou de sons ou partager des contenus via les r\u00e9seaux sociaux.<\/li><li>Cookies de personnalisation : ils permettent \u00e0 l&rsquo;utilisateur d&rsquo;acc\u00e9der au service avec certaines caract\u00e9ristiques g\u00e9n\u00e9rales pr\u00e9d\u00e9finies en fonction d&rsquo;une s\u00e9rie de crit\u00e8res sur le terminal de l&rsquo;utilisateur, tels que la langue, le type de navigateur utilis\u00e9 pour acc\u00e9der au service, la configuration r\u00e9gionale \u00e0 partir de laquelle il acc\u00e8de au service, etc.<\/li><li>Cookies d&rsquo;analyse : ils permettent \u00e0 leur responsable de suivre et d&rsquo;analyser le comportement des utilisateurs des sites web auxquels ils sont li\u00e9s. Les informations recueillies par ce type de cookies sont utilis\u00e9es pour mesurer l&rsquo;activit\u00e9 des sites web, des applications ou des plateformes et pour \u00e9tablir des profils de navigation des utilisateurs de ces sites, applications et plateformes, afin d&rsquo;apporter des am\u00e9liorations en fonction de l&rsquo;analyse des donn\u00e9es d&rsquo;utilisation des utilisateurs du service.<\/li><li>Cookies publicitaires : ils permettent de g\u00e9rer les espaces publicitaires de la mani\u00e8re la plus efficace possible.<\/li><li>Cookies publicitaires comportementaux : ils stockent des informations sur le comportement des utilisateurs obtenues gr\u00e2ce \u00e0 l&rsquo;observation continue de leurs habitudes de navigation, ce qui permet de d\u00e9velopper un profil sp\u00e9cifique pour afficher des publicit\u00e9s en fonction de celui-ci.<\/li><li>Cookies de r\u00e9seaux sociaux externes : ils sont utilis\u00e9s pour permettre aux visiteurs d&rsquo;interagir avec le contenu de diff\u00e9rentes plateformes sociales (Facebook, YouTube, Twitter, LinkedIn, etc.) et sont g\u00e9n\u00e9r\u00e9s uniquement pour les utilisateurs de ces r\u00e9seaux sociaux. Les conditions d&rsquo;utilisation de ces cookies et les informations collect\u00e9es sont r\u00e9gies par la politique de confidentialit\u00e9 de la plateforme sociale correspondante.<\/li><\/ul><p><strong>D\u00e9sactivation et suppression des cookies<\/strong><\/p><p>Vous avez la possibilit\u00e9 d&rsquo;autoriser, de bloquer ou de supprimer les cookies install\u00e9s sur votre ordinateur en configurant les options du navigateur install\u00e9 sur votre ordinateur. En d\u00e9sactivant les cookies, certains des services disponibles pourraient ne plus fonctionner. La mani\u00e8re de d\u00e9sactiver les cookies est diff\u00e9rente pour chaque navigateur, mais cela peut g\u00e9n\u00e9ralement \u00eatre fait \u00e0 partir du menu Outils ou Options. Vous pouvez \u00e9galement consulter le menu Aide du navigateur o\u00f9 vous trouverez des instructions. L&rsquo;utilisateur peut \u00e0 tout moment choisir les cookies qu&rsquo;il souhaite voir fonctionner sur ce site web.<\/p><p>Vous pouvez autoriser, bloquer ou supprimer les cookies install\u00e9s sur votre ordinateur en configurant les options du navigateur install\u00e9 sur votre ordinateur :<\/p><ul><li>Microsoft Internet Explorer ou Microsoft Edge : http:\/\/windows.microsoft.com\/es-es\/windows-vista\/Block-or-allow-cookies<\/li><li>Mozilla Firefox : http:\/\/support.mozilla.org\/es\/kb\/impedir-que-los-sitios-web-guarden-sus-preferencia<\/li><li>Chrome : https:\/\/support.google.com\/accounts\/answer\/61416?hl=es<\/li><li>Safari : http:\/\/safari.helpmax.net\/es\/privacidad-y-seguridad\/como-gestionar-las-cookies\/<\/li><li>Opera : http:\/\/help.opera.com\/Linux\/10.60\/es-ES\/cookies.html<\/li><\/ul><p>Vous pouvez \u00e9galement g\u00e9rer le stockage des cookies dans votre navigateur \u00e0 l&rsquo;aide d&rsquo;outils tels que les suivants :<\/p><ul><li>Ghostery : www.ghostery.com<\/li><li>Your Online Choices : www.youronlinechoices.com\/es\/<\/li><\/ul><p>Cookies utilis\u00e9s sur<a href=\"http:\/\/www.gs3av.com\"> www.gs3av.com<\/a><\/p><p>Ce site web utilise uniquement ses propres cookies \u00e0 des fins techniques, il ne collecte ni ne c\u00e8de les donn\u00e9es personnelles des utilisateurs \u00e0 leur insu.<\/p><p><a href=\"http:\/\/www.gs3av.com\">www.gs3av.com<\/a> affiche des informations sur sa politique en mati\u00e8re de cookies en bas ou en haut de chaque page du site web \u00e0 chaque connexion.<\/p>\t\t\t\t\t\t<\/div>\n\t\t\t\t<\/div>\n\t\t\t\t\t<\/div>\n\t\t<\/div>\n\t\t\t\t\t\t\t<\/div>\n\t\t<\/section>\n\t\t\t\t\t\t\t<\/div>\n\t\t","protected":false},"excerpt":{"rendered":"<p>Politique de cookies GS3 INSTAL, S.L.U. informe sur l&rsquo;utilisation des cookies sur son site web : www.gs3av.com Que sont les cookies ? Les cookies sont des fichiers qui peuvent \u00eatre t\u00e9l\u00e9charg\u00e9s sur votre ordinateur via les sites web. Ce sont des outils qui jouent un r\u00f4le essentiel dans la fourniture de nombreux services de la &hellip;<\/p>\n<p class=\"read-more\"> <a class=\"\" href=\"https:\/\/gs3av.com\/fr\/politiques-aux-cookies\/\"> <span class=\"screen-reader-text\">Politique de cookies<\/span> Lire la suite\u00a0\u00bb<\/a><\/p>\n","protected":false},"author":1,"featured_media":0,"parent":0,"menu_order":0,"comment_status":"closed","ping_status":"closed","template":"elementor_header_footer","meta":{"site-sidebar-layout":"no-sidebar","site-content-layout":"page-builder","ast-global-header-display":"","ast-banner-title-visibility":"","ast-main-header-display":"","ast-hfb-above-header-display":"","ast-hfb-below-header-display":"","ast-hfb-mobile-header-display":"","site-post-title":"disabled","ast-breadcrumbs-content":"","ast-featured-img":"disabled","footer-sml-layout":"","theme-transparent-header-meta":"default","adv-header-id-meta":"","stick-header-meta":"","header-above-stick-meta":"","header-main-stick-meta":"","header-below-stick-meta":""},"_links":{"self":[{"href":"https:\/\/gs3av.com\/fr\/wp-json\/wp\/v2\/pages\/756"}],"collection":[{"href":"https:\/\/gs3av.com\/fr\/wp-json\/wp\/v2\/pages"}],"about":[{"href":"https:\/\/gs3av.com\/fr\/wp-json\/wp\/v2\/types\/page"}],"author":[{"embeddable":true,"href":"https:\/\/gs3av.com\/fr\/wp-json\/wp\/v2\/users\/1"}],"replies":[{"embeddable":true,"href":"https:\/\/gs3av.com\/fr\/wp-json\/wp\/v2\/comments?post=756"}],"version-history":[{"count":14,"href":"https:\/\/gs3av.com\/fr\/wp-json\/wp\/v2\/pages\/756\/revisions"}],"predecessor-version":[{"id":942,"href":"https:\/\/gs3av.com\/fr\/wp-json\/wp\/v2\/pages\/756\/revisions\/942"}],"wp:attachment":[{"href":"https:\/\/gs3av.com\/fr\/wp-json\/wp\/v2\/media?parent=756"}],"curies":[{"name":"wp","href":"https:\/\/api.w.org\/{rel}","templated":true}]}}