{"id":893,"date":"2026-01-30T01:10:08","date_gmt":"2026-01-30T01:10:08","guid":{"rendered":"https:\/\/gs3av.com\/?page_id=893"},"modified":"2026-02-02T19:06:39","modified_gmt":"2026-02-02T19:06:39","slug":"politica-de-privacitat","status":"publish","type":"page","link":"https:\/\/gs3av.com\/ca\/politica-de-privacitat\/","title":{"rendered":"Pol\u00edtica de privacitat"},"content":{"rendered":"\t\t<div data-elementor-type=\"wp-page\" data-elementor-id=\"893\" class=\"elementor elementor-893 elementor-860\">\n\t\t\t\t\t\t\t\t\t<section class=\"elementor-section elementor-top-section elementor-element elementor-element-dbde9fb elementor-section-content-middle elementor-section-boxed elementor-section-height-default elementor-section-height-default\" data-id=\"dbde9fb\" data-element_type=\"section\" data-settings=\"{&quot;background_background&quot;:&quot;classic&quot;}\">\n\t\t\t\t\t\t\t<div class=\"elementor-background-overlay\"><\/div>\n\t\t\t\t\t\t\t<div class=\"elementor-container elementor-column-gap-default\">\n\t\t\t\t\t<div class=\"elementor-column elementor-col-100 elementor-top-column elementor-element elementor-element-571f465\" data-id=\"571f465\" data-element_type=\"column\">\n\t\t\t<div class=\"elementor-widget-wrap elementor-element-populated\">\n\t\t\t\t\t\t\t\t<section class=\"elementor-section elementor-inner-section elementor-element elementor-element-ddaba6a elementor-section-boxed elementor-section-height-default elementor-section-height-default\" data-id=\"ddaba6a\" data-element_type=\"section\">\n\t\t\t\t\t\t<div class=\"elementor-container elementor-column-gap-default\">\n\t\t\t\t\t<div class=\"elementor-column elementor-col-100 elementor-inner-column elementor-element elementor-element-f17f18f\" data-id=\"f17f18f\" data-element_type=\"column\">\n\t\t\t<div class=\"elementor-widget-wrap elementor-element-populated\">\n\t\t\t\t\t\t\t\t<div class=\"elementor-element elementor-element-e4ab0f9 elementor-widget elementor-widget-heading\" data-id=\"e4ab0f9\" data-element_type=\"widget\" data-widget_type=\"heading.default\">\n\t\t\t\t<div class=\"elementor-widget-container\">\n\t\t\t<style>\/*! elementor - v3.13.2 - 11-05-2023 *\/\n.elementor-heading-title{padding:0;margin:0;line-height:1}.elementor-widget-heading .elementor-heading-title[class*=elementor-size-]>a{color:inherit;font-size:inherit;line-height:inherit}.elementor-widget-heading .elementor-heading-title.elementor-size-small{font-size:15px}.elementor-widget-heading .elementor-heading-title.elementor-size-medium{font-size:19px}.elementor-widget-heading .elementor-heading-title.elementor-size-large{font-size:29px}.elementor-widget-heading .elementor-heading-title.elementor-size-xl{font-size:39px}.elementor-widget-heading .elementor-heading-title.elementor-size-xxl{font-size:59px}<\/style><h2 class=\"elementor-heading-title elementor-size-default\">Pol\u00edtica de privacitat<\/h2>\t\t<\/div>\n\t\t\t\t<\/div>\n\t\t\t\t\t<\/div>\n\t\t<\/div>\n\t\t\t\t\t\t\t<\/div>\n\t\t<\/section>\n\t\t\t\t\t<\/div>\n\t\t<\/div>\n\t\t\t\t\t\t\t<\/div>\n\t\t<\/section>\n\t\t\t\t<section class=\"elementor-section elementor-top-section elementor-element elementor-element-6447a48 elementor-section-boxed elementor-section-height-default elementor-section-height-default\" data-id=\"6447a48\" data-element_type=\"section\">\n\t\t\t\t\t\t<div class=\"elementor-container elementor-column-gap-default\">\n\t\t\t\t\t<div class=\"elementor-column elementor-col-100 elementor-top-column elementor-element elementor-element-c3bfd4c\" data-id=\"c3bfd4c\" data-element_type=\"column\">\n\t\t\t<div class=\"elementor-widget-wrap elementor-element-populated\">\n\t\t\t\t\t\t\t\t<div class=\"elementor-element elementor-element-f35422a elementor-widget elementor-widget-text-editor\" data-id=\"f35422a\" data-element_type=\"widget\" data-widget_type=\"text-editor.default\">\n\t\t\t\t<div class=\"elementor-widget-container\">\n\t\t\t<style>\/*! elementor - v3.13.2 - 11-05-2023 *\/\n.elementor-widget-text-editor.elementor-drop-cap-view-stacked .elementor-drop-cap{background-color:#69727d;color:#fff}.elementor-widget-text-editor.elementor-drop-cap-view-framed .elementor-drop-cap{color:#69727d;border:3px solid;background-color:transparent}.elementor-widget-text-editor:not(.elementor-drop-cap-view-default) .elementor-drop-cap{margin-top:8px}.elementor-widget-text-editor:not(.elementor-drop-cap-view-default) .elementor-drop-cap-letter{width:1em;height:1em}.elementor-widget-text-editor .elementor-drop-cap{float:left;text-align:center;line-height:1;font-size:50px}.elementor-widget-text-editor .elementor-drop-cap-letter{display:inline-block}<\/style>\t\t\t\t<p>GS3 INSTAL, S.L.U., d&#8217;acord amb la normativa vigent sobre protecci\u00f3 de dades personals, l&#8217;informa que les dades personals recollides a trav\u00e9s dels formularis del lloc web:<a href=\"http:\/\/www.gs3av.com\"> www.gs3av.com<\/a>, s&#8217;inclouen en els fitxers automatitzats espec\u00edfics d&#8217;usuaris dels serveis de GS3 INSTAL, S.L.U.<\/p><p>La finalitat de la recollida i del tractament automatitzat de les dades personals \u00e9s mantenir la relaci\u00f3 comercial i dur a terme activitats d&#8217;informaci\u00f3, formaci\u00f3, assessorament i altres activitats espec\u00edfiques de GS3 INSTAL, S.L.U.<\/p><p>Aquesta dada nom\u00e9s es comunicar\u00e0 a aquelles entitats que siguin necess\u00e0ries amb l&#8217;\u00fanica finalitat de complir la finalitat esmentada.<\/p><p>GS3 INSTAL, S.L.U. adopta les mesures necess\u00e0ries per garantir la seguretat, la integritat i la confidencialitat de les dades d&#8217;acord amb les disposicions del Reglament (UE) 2016\/679 del Parlament Europeu i del Consell, de 27 d&#8217;abril de 2016, relatiu a la protecci\u00f3 de les persones f\u00edsiques pel que fa al tractament de les dades personals i a la lliure circulaci\u00f3 d&#8217;aquestes dades, i que deroga l&#8217;anterior LOPD, la nova Llei Org\u00e0nica 3\/2018, de 5 de desembre, de Protecci\u00f3 de Dades Personals i Garantia dels Drets Digitals (LOPDGDD).<\/p><p>Els usuaris poden exercir en qualsevol moment els seus drets d&#8217;acc\u00e9s, rectificaci\u00f3, portabilitat i supressi\u00f3 de les seves dades, aix\u00ed com els drets de limitaci\u00f3 i d&#8217;oposici\u00f3 al tractament de les seves dades reconeguts en la citada Regulaci\u00f3 (UE). Els usuaris poden exercir aquests drets per si mateixos enviant un correu electr\u00f2nic a:<a href=\"mailto:admon@gs3instal.com\">admon@gs3instal.com<\/a> o escrivint a: C\/ De La Castellassa, 42, Nau 1.5, C.P. 08227 &#8211; Terrassa- (Barcelona).<\/p><p>L&#8217;usuari declara que totes les dades facilitades s\u00f3n ver\u00eddiques i correctes, i es compromet a mantenir-les actualitzades, comunicant qualsevol canvi a GS3 INSTAL, S.L.U.<\/p><p><strong>Finalitat del tractament de les dades personals:<\/strong><\/p><p><strong>Amb quina finalitat tractarem les seves dades personals?<\/strong><\/p><p>A GS3 INSTAL, S.L.U., tractarem les seves dades personals recollides a trav\u00e9s del lloc web:<a href=\"http:\/\/www.gs3av.com\"> www.gs3av.com<\/a> , per a les finalitats seg\u00fcents:<\/p><ol><li>Per prestar serveis d&#8217;acord amb les necessitats espec\u00edfiques dels clients, amb la finalitat de complir els contractes signats per l&#8217;empresa.<\/li><li>Enviar informaci\u00f3 promocional electr\u00f2nicament.<\/li><li>Per proporcionar la informaci\u00f3 sol\u00b7licitada per l&#8217;usuari a trav\u00e9s del formulari de contacte.<\/li><\/ol><p>Us recordem que podeu oposar-vos a l&#8217;enviament de comunicacions comercials per qualsevol mitj\u00e0 i en qualsevol moment enviant un correu electr\u00f2nic a l&#8217;adre\u00e7a esmentada.<\/p><p>Els camps d&#8217;aquests registres s\u00f3n obligatoris i \u00e9s impossible complir les finalitats esmentades si no es facilita aquesta informaci\u00f3.<\/p><p><strong>Quant de temps es conserven les dades personals recollides?<\/strong><\/p><p>Les dades personals facilitades es conservaran mentre es mantingui la relaci\u00f3 comercial o no sol\u00b7liciteu la seva supressi\u00f3 i durant el per\u00edode en qu\u00e8 puguin sorgir responsabilitats legals pels serveis prestats.<\/p><p>Legitimaci\u00f3:<\/p><p>El tractament de les seves dades es basa en els fonaments legals seg\u00fcents que el legitimen:<\/p><ol><li>La sol\u00b7licitud d&#8217;informaci\u00f3 i\/o la contractaci\u00f3 dels serveis de GS3 INSTAL, S.L.U., els termes i condicions dels quals se us posaran a disposici\u00f3 en qualsevol cas, abans de qualsevol contractaci\u00f3 eventual.<\/li><li>El seu consentiment lliure, espec\u00edfic, informat i inequ\u00edvoc, ja que l&#8217;informem posant a la seva disposici\u00f3 aquesta pol\u00edtica de privacitat, la qual, despr\u00e9s de llegir-la, si hi est\u00e0 d&#8217;acord, pot acceptar mitjan\u00e7ant una declaraci\u00f3 o una acci\u00f3 afirmativa clara, com ara marcar una casella habilitada a aquest efecte.<\/li><\/ol><p>Si no ens proporcioneu les vostres dades o ho feu de manera incorrecta o incompleta, no podrem atendre la vostra sol\u00b7licitud, la qual cosa impossibilitar\u00e0 que us proporcionem la informaci\u00f3 sol\u00b7licitada o que contracteu els serveis.<\/p><p>Destinataris:<\/p><p>Les dades no es comunicaran a cap tercer fora de GS3 INSTAL, S.L.U., excepte quan sigui legalment requerit.<\/p><p>Dades recollides pels usuaris dels serveis<\/p><p>En els casos en qu\u00e8 l&#8217;usuari inclogui fitxers amb dades personals en servidors d&#8217;allotjament compartit, GS3 INSTAL, S.L.U. no es fa responsable del incompliment del RGPD per part de l&#8217;usuari.<\/p><p>www.gs3av.com drets de propietat intel\u00b7lectual<\/p><p>GS3 INSTAL, S.L.U. \u00e9s la titular de tots els drets d&#8217;autor, propietat intel\u00b7lectual, propietat industrial, know-how i qualsevol altre dret relacionat amb el contingut del lloc web www.gs3av.com i els serveis que s&#8217;hi ofereixen, aix\u00ed com dels programes necessaris per a la seva implementaci\u00f3 i la informaci\u00f3 relacionada.<\/p><p>La reproducci\u00f3, publicaci\u00f3 i\/o \u00fas dels continguts, totals o parcials, del lloc web www.gs3av.com amb finalitats diferents de l&#8217;\u00fas estrictament privat no est\u00e0 permesa sense el consentiment previ per escrit.<\/p><p>Propietat intel\u00b7lectual del programari<\/p><p>L&#8217;usuari ha de respectar els programes de tercers posats a disposici\u00f3 per GS3 INSTAL, S.L.U., encara que siguin gratu\u00efts i\/o d&#8217;acc\u00e9s p\u00fablic.<\/p><p>GS3 INSTAL, S.L.U. t\u00e9 els drets d&#8217;explotaci\u00f3 i de propietat intel\u00b7lectual necessaris sobre el programari.<\/p><p>L&#8217;usuari no adquireix cap dret ni llic\u00e8ncia sobre el servei contractat, sobre el programari necessari per a la prestaci\u00f3 del servei o sobre la informaci\u00f3 t\u00e8cnica per al seguiment del servei, amb l&#8217;excepci\u00f3 dels drets i llic\u00e8ncies necessaris per al compliment dels serveis contractats i nom\u00e9s durant la seva durada.<\/p><p>Per a qualsevol acci\u00f3 que vagi m\u00e9s enll\u00e0 del compliment del contracte, l&#8217;usuari necessitar\u00e0 autoritzaci\u00f3 per escrit de GS3 INSTAL, S.L.U., i a l&#8217;usuari se li prohibeix accedir, modificar o visualitzar la configuraci\u00f3, l&#8217;estructura i els fitxers dels servidors propietat de GS3 INSTAL, S.L.U., assumint la responsabilitat civil i penal per qualsevol incident que pugui oc\u00f3rrer als servidors i als sistemes de seguretat com a resultat directe d&#8217;una acci\u00f3 negligent o malintencionada per part seva.<\/p><p>Propietat intel\u00b7lectual del contingut allotjat<\/p><p>Qualsevol \u00fas contrari a la legislaci\u00f3 de propietat intel\u00b7lectual dels serveis prestats per GS3 INSTAL, S.L.U. est\u00e0 prohibit, en particular:<\/p><ol><li>\u00das contrari a la legislaci\u00f3 espanyola o que vulneri els drets de tercers.<\/li><li>La publicaci\u00f3 o transmissi\u00f3 de qualsevol contingut que, a parer de GS3 INSTAL, S.L.U., sigui violent, obsc\u00e8, abusiu, il\u00b7legal, racista, xen\u00f2fob o difamatori.<\/li><li>Cracks, n\u00fameros de s\u00e8rie de programes o qualsevol altre contingut que vulneri els drets de propietat intel\u00b7lectual de tercers.<\/li><li>La recollida i\/o \u00fas de dades personals d&#8217;altres usuaris sense el seu consentiment expr\u00e9s o en contra de les disposicions del Reglament (UE) 2016\/679 del Parlament Europeu i del Consell, de 27 d&#8217;abril de 2016, relatiu a la protecci\u00f3 de les persones f\u00edsiques pel que fa al tractament de dades personals i a la lliure circulaci\u00f3 d&#8217;aquestes dades.<\/li><li>L&#8217;\u00fas del servidor de correu del domini i de les adreces de correu electr\u00f2nic per a l&#8217;enviament de correu massiu no sol\u00b7licitat.<\/li><\/ol><p>L&#8217;usuari \u00e9s plenament responsable del contingut del seu lloc web, de la informaci\u00f3 transmesa i emmagatzemada, dels enlla\u00e7os d&#8217;hipertext, de les reclamacions i accions legals de tercers relatives a la propietat intel\u00b7lectual, als drets de tercers i a la protecci\u00f3 de menors.<\/p><p>L&#8217;usuari \u00e9s responsable de complir les lleis i normatives vigents i les normes relatives al funcionament del servei en l\u00ednia, el comer\u00e7 electr\u00f2nic, el dret d&#8217;autor, el manteniment de l&#8217;ordre p\u00fablic, aix\u00ed com els principis universals d&#8217;\u00fas d&#8217;Internet.<\/p><p>L&#8217;usuari indemnitzar\u00e0 GS3 INSTAL, S.L.U. de qualsevol despesa en qu\u00e8 pugui inc\u00f3rrer GS3 INSTAL, S.L.U. en qualsevol cas en qu\u00e8 l&#8217;usuari sigui responsable, incloent-hi honoraris i despeses legals, fins i tot en cas de resoluci\u00f3 judicial no definitiva.<\/p><p>Protecci\u00f3 de la informaci\u00f3 allotjada<\/p><p>GS3 INSTAL, S.L.U. fa c\u00f2pies de seguretat del contingut allotjat als seus servidors, per\u00f2 no es fa responsable de la p\u00e8rdua o l&#8217;eliminaci\u00f3 accidental de dades per part dels usuaris. De la mateixa manera, no garanteix la substituci\u00f3 total de les dades eliminades pels usuaris, ja que aquestes dades poden haver estat eliminades i\/o modificades durant el per\u00edode de temps transcorregut des de l&#8217;\u00faltima c\u00f2pia de seguretat.<\/p><p>Els serveis oferts, excepte els serveis espec\u00edfics de c\u00f2pia de seguretat, no inclouen la substituci\u00f3 del contingut emmagatzemat a les c\u00f2pies de seguretat realitzades per GS3 INSTAL, S.L.U., quan aquesta p\u00e8rdua \u00e9s atribu\u00efble a l&#8217;usuari; en aquest cas, s&#8217;establir\u00e0 una tarifa d&#8217;acord amb la complexitat i el volum de la recuperaci\u00f3, sempre subjecta a l&#8217;acceptaci\u00f3 pr\u00e8via de l&#8217;usuari.<\/p><p>La substituci\u00f3 de dades eliminades nom\u00e9s s&#8217;inclou en el preu del servei quan la p\u00e8rdua de contingut es deu a causes atribu\u00efbles a GS3 INSTAL, S.L.U..<\/p><p>Comunicacions comercials<\/p><p>D&#8217;acord amb la LSSI, GS3 INSTAL, S.L.U. no enviar\u00e0 comunicacions comercials per correu electr\u00f2nic o altres mitjans electr\u00f2nics equivalents que no hagin estat pr\u00e8viament sol\u00b7licitades o expressament autoritzades pels seus destinataris.<\/p><p>En el cas d&#8217;usuaris amb els quals hi ha una relaci\u00f3 contractual pr\u00e8via, GS3 INSTAL, S.L.U. est\u00e0 autoritzada a enviar comunicacions comercials relatives als productes o serveis de GS3 INSTAL, S.L.U. que siguin similars als inicialment contractats pel client.<\/p><p>En qualsevol cas, despr\u00e9s de demostrar la seva identitat, els usuaris poden sol\u00b7licitar que no se&#8217;ls envi\u00ef m\u00e9s informaci\u00f3 comercial a trav\u00e9s dels canals d&#8217;Atenci\u00f3 al Client.<\/p>\t\t\t\t\t\t<\/div>\n\t\t\t\t<\/div>\n\t\t\t\t\t<\/div>\n\t\t<\/div>\n\t\t\t\t\t\t\t<\/div>\n\t\t<\/section>\n\t\t\t\t\t\t\t<\/div>\n\t\t","protected":false},"excerpt":{"rendered":"<p>Pol\u00edtica de privacitat GS3 INSTAL, S.L.U., d&#8217;acord amb la normativa vigent sobre protecci\u00f3 de dades personals, l&#8217;informa que les dades personals recollides a trav\u00e9s dels formularis del lloc web: www.gs3av.com, s&#8217;inclouen en els fitxers automatitzats espec\u00edfics d&#8217;usuaris dels serveis de GS3 INSTAL, S.L.U. La finalitat de la recollida i del tractament automatitzat de les dades &hellip;<\/p>\n<p class=\"read-more\"> <a class=\"\" href=\"https:\/\/gs3av.com\/ca\/politica-de-privacitat\/\"> <span class=\"screen-reader-text\">Pol\u00edtica de privacitat<\/span> Llegeix m\u00e9s &raquo;<\/a><\/p>\n","protected":false},"author":1,"featured_media":0,"parent":0,"menu_order":0,"comment_status":"closed","ping_status":"closed","template":"elementor_header_footer","meta":{"site-sidebar-layout":"no-sidebar","site-content-layout":"page-builder","ast-global-header-display":"","ast-banner-title-visibility":"","ast-main-header-display":"","ast-hfb-above-header-display":"","ast-hfb-below-header-display":"","ast-hfb-mobile-header-display":"","site-post-title":"disabled","ast-breadcrumbs-content":"","ast-featured-img":"disabled","footer-sml-layout":"","theme-transparent-header-meta":"default","adv-header-id-meta":"","stick-header-meta":"","header-above-stick-meta":"","header-main-stick-meta":"","header-below-stick-meta":""},"_links":{"self":[{"href":"https:\/\/gs3av.com\/ca\/wp-json\/wp\/v2\/pages\/893"}],"collection":[{"href":"https:\/\/gs3av.com\/ca\/wp-json\/wp\/v2\/pages"}],"about":[{"href":"https:\/\/gs3av.com\/ca\/wp-json\/wp\/v2\/types\/page"}],"author":[{"embeddable":true,"href":"https:\/\/gs3av.com\/ca\/wp-json\/wp\/v2\/users\/1"}],"replies":[{"embeddable":true,"href":"https:\/\/gs3av.com\/ca\/wp-json\/wp\/v2\/comments?post=893"}],"version-history":[{"count":8,"href":"https:\/\/gs3av.com\/ca\/wp-json\/wp\/v2\/pages\/893\/revisions"}],"predecessor-version":[{"id":901,"href":"https:\/\/gs3av.com\/ca\/wp-json\/wp\/v2\/pages\/893\/revisions\/901"}],"wp:attachment":[{"href":"https:\/\/gs3av.com\/ca\/wp-json\/wp\/v2\/media?parent=893"}],"curies":[{"name":"wp","href":"https:\/\/api.w.org\/{rel}","templated":true}]}}