{"id":824,"date":"2023-05-23T23:22:43","date_gmt":"2023-05-23T23:22:43","guid":{"rendered":"https:\/\/gs3av.com\/?page_id=824"},"modified":"2026-02-02T19:11:36","modified_gmt":"2026-02-02T19:11:36","slug":"avis-legal","status":"publish","type":"page","link":"https:\/\/gs3av.com\/ca\/avis-legal\/","title":{"rendered":"Av\u00eds Legal"},"content":{"rendered":"\t\t<div data-elementor-type=\"wp-page\" data-elementor-id=\"824\" class=\"elementor elementor-824 elementor-818\">\n\t\t\t\t\t\t\t\t\t<section class=\"elementor-section elementor-top-section elementor-element elementor-element-57696d3 elementor-section-content-middle elementor-section-boxed elementor-section-height-default elementor-section-height-default\" data-id=\"57696d3\" data-element_type=\"section\" data-settings=\"{&quot;background_background&quot;:&quot;classic&quot;}\">\n\t\t\t\t\t\t\t<div class=\"elementor-background-overlay\"><\/div>\n\t\t\t\t\t\t\t<div class=\"elementor-container elementor-column-gap-default\">\n\t\t\t\t\t<div class=\"elementor-column elementor-col-100 elementor-top-column elementor-element elementor-element-e792cdf\" data-id=\"e792cdf\" data-element_type=\"column\">\n\t\t\t<div class=\"elementor-widget-wrap elementor-element-populated\">\n\t\t\t\t\t\t\t\t<section class=\"elementor-section elementor-inner-section elementor-element elementor-element-2278292 elementor-section-boxed elementor-section-height-default elementor-section-height-default\" data-id=\"2278292\" data-element_type=\"section\">\n\t\t\t\t\t\t<div class=\"elementor-container elementor-column-gap-default\">\n\t\t\t\t\t<div class=\"elementor-column elementor-col-100 elementor-inner-column elementor-element elementor-element-4597bf0\" data-id=\"4597bf0\" data-element_type=\"column\">\n\t\t\t<div class=\"elementor-widget-wrap elementor-element-populated\">\n\t\t\t\t\t\t\t\t<div class=\"elementor-element elementor-element-5c6f0a7 elementor-widget elementor-widget-heading\" data-id=\"5c6f0a7\" data-element_type=\"widget\" data-widget_type=\"heading.default\">\n\t\t\t\t<div class=\"elementor-widget-container\">\n\t\t\t<style>\/*! elementor - v3.13.2 - 11-05-2023 *\/\n.elementor-heading-title{padding:0;margin:0;line-height:1}.elementor-widget-heading .elementor-heading-title[class*=elementor-size-]>a{color:inherit;font-size:inherit;line-height:inherit}.elementor-widget-heading .elementor-heading-title.elementor-size-small{font-size:15px}.elementor-widget-heading .elementor-heading-title.elementor-size-medium{font-size:19px}.elementor-widget-heading .elementor-heading-title.elementor-size-large{font-size:29px}.elementor-widget-heading .elementor-heading-title.elementor-size-xl{font-size:39px}.elementor-widget-heading .elementor-heading-title.elementor-size-xxl{font-size:59px}<\/style><h2 class=\"elementor-heading-title elementor-size-default\">Av\u00eds Legal\n\n<\/h2>\t\t<\/div>\n\t\t\t\t<\/div>\n\t\t\t\t\t<\/div>\n\t\t<\/div>\n\t\t\t\t\t\t\t<\/div>\n\t\t<\/section>\n\t\t\t\t\t<\/div>\n\t\t<\/div>\n\t\t\t\t\t\t\t<\/div>\n\t\t<\/section>\n\t\t\t\t<section class=\"elementor-section elementor-top-section elementor-element elementor-element-fe89201 elementor-section-boxed elementor-section-height-default elementor-section-height-default\" data-id=\"fe89201\" data-element_type=\"section\">\n\t\t\t\t\t\t<div class=\"elementor-container elementor-column-gap-default\">\n\t\t\t\t\t<div class=\"elementor-column elementor-col-100 elementor-top-column elementor-element elementor-element-a15f2de\" data-id=\"a15f2de\" data-element_type=\"column\">\n\t\t\t<div class=\"elementor-widget-wrap elementor-element-populated\">\n\t\t\t\t\t\t\t\t<div class=\"elementor-element elementor-element-c06bff3 elementor-widget elementor-widget-text-editor\" data-id=\"c06bff3\" data-element_type=\"widget\" data-widget_type=\"text-editor.default\">\n\t\t\t\t<div class=\"elementor-widget-container\">\n\t\t\t<style>\/*! elementor - v3.13.2 - 11-05-2023 *\/\n.elementor-widget-text-editor.elementor-drop-cap-view-stacked .elementor-drop-cap{background-color:#69727d;color:#fff}.elementor-widget-text-editor.elementor-drop-cap-view-framed .elementor-drop-cap{color:#69727d;border:3px solid;background-color:transparent}.elementor-widget-text-editor:not(.elementor-drop-cap-view-default) .elementor-drop-cap{margin-top:8px}.elementor-widget-text-editor:not(.elementor-drop-cap-view-default) .elementor-drop-cap-letter{width:1em;height:1em}.elementor-widget-text-editor .elementor-drop-cap{float:left;text-align:center;line-height:1;font-size:50px}.elementor-widget-text-editor .elementor-drop-cap-letter{display:inline-block}<\/style>\t\t\t\t<p>D&#8217;acord amb el deure d&#8217;informaci\u00f3 contingut a l&#8217;article 10 de la Llei 34\/2002, de 11 de juliol, de Serveis de la Societat de la Informaci\u00f3 i de Comer\u00e7 Electr\u00f2nic (LSSICE), el propietari del lloc web us informa del seg\u00fcent:<\/p><ul><li>Nom social: GS3 INSTAL, S.L.U.<\/li><li>NIF: B44580579<\/li><li>Adre\u00e7a: C\/ De La Castellassa, 42, Nau 1.5, 08227 &#8211; Terrassa- (Barcelona)<\/li><\/ul><p>Inscripta en el Registre Mercantil de BARCELONA, tom 48609, foli 174, secci\u00f3 8, n\u00famero de full B 589927, inscripci\u00f3 1<\/p><p>Dins dels l\u00edmits establerts per la llei, GS3 INSTAL, S.L.U. no es fa responsable de la manca de veracitat, integritat, actualitzaci\u00f3 i exactitud de les dades o la informaci\u00f3 continguda a les seves p\u00e0gines web.<\/p><p>Els continguts i la informaci\u00f3 no vinculen GS3 INSTAL, S.L.U. ni constitueixen opinions, consells o assessorament legal de cap mena, ja que s\u00f3n merament un servei ofert amb finalitats informatives i educatives.<\/p><p>Les p\u00e0gines web de GS3 INSTAL, S.L.U. poden contenir enlla\u00e7os a altres p\u00e0gines de tercers que GS3 INSTAL, S.L.U. no pot controlar. Per tant, GS3 INSTAL, S.L.U. no es pot fer responsable del contingut que pugui apar\u00e8ixer a les p\u00e0gines de tercers.<\/p><p>Els textos, imatges, sons, animacions, programari i qualsevol altre contingut incl\u00f2s en aquest lloc web s\u00f3n propietat exclusiva de GS3 INSTAL, S.L.U. o dels seus llicenciataris. Qualsevol acte de transmissi\u00f3, distribuci\u00f3, transfer\u00e8ncia, reproducci\u00f3, emmagatzematge o comunicaci\u00f3 p\u00fablica, total o parcial, haur\u00e0 de comptar amb el consentiment expr\u00e9s de GS3 INSTAL, S.L.U.<\/p><p>De la mateixa manera, per accedir a alguns dels serveis que GS3 INSTAL, S.L.U. ofereix a trav\u00e9s del lloc web, cal que proporcioneu determinades dades personals. En compliment de les disposicions del Reglament (UE) 2016\/679 del Parlament Europeu i del Consell, de 27 d&#8217;abril de 2016 relatiu a la protecci\u00f3 de les persones f\u00edsiques pel que fa al tractament de dades personals i a la lliure circulaci\u00f3 d&#8217;aquestes dades, l&#8217;informem que, en completar aquests formularis, les seves dades personals s&#8217;incorporaran i es tractaran als fitxers de GS3 INSTAL, S.L.U. amb la finalitat de prestar-li i oferir-li els nostres serveis i per informar-lo de les millores del lloc web.<\/p><p>Tamb\u00e9 li informem que tindr\u00e0 la possibilitat en qualsevol moment d&#8217;exercir els seus drets d&#8217;acc\u00e9s, rectificaci\u00f3, portabilitat i supressi\u00f3 de les seves dades, aix\u00ed com els de limitaci\u00f3 i oposici\u00f3 al seu tractament, enviant un correu electr\u00f2nic gratu\u00eft a:<a href=\"mailto:admon@gs3instal.com\">admon@gs3instal.com<\/a> o a l&#8217;adre\u00e7a: C\/ De La Castellassa, 42, Nau 1.5, 08227 &#8211; Terrassa (Barcelona).<\/p>\t\t\t\t\t\t<\/div>\n\t\t\t\t<\/div>\n\t\t\t\t\t<\/div>\n\t\t<\/div>\n\t\t\t\t\t\t\t<\/div>\n\t\t<\/section>\n\t\t\t\t\t\t\t<\/div>\n\t\t","protected":false},"excerpt":{"rendered":"<p>Av\u00eds Legal D&#8217;acord amb el deure d&#8217;informaci\u00f3 contingut a l&#8217;article 10 de la Llei 34\/2002, de 11 de juliol, de Serveis de la Societat de la Informaci\u00f3 i de Comer\u00e7 Electr\u00f2nic (LSSICE), el propietari del lloc web us informa del seg\u00fcent: Nom social: GS3 INSTAL, S.L.U. NIF: B44580579 Adre\u00e7a: C\/ De La Castellassa, 42, Nau &hellip;<\/p>\n<p class=\"read-more\"> <a class=\"\" href=\"https:\/\/gs3av.com\/ca\/avis-legal\/\"> <span class=\"screen-reader-text\">Av\u00eds Legal<\/span> Llegeix m\u00e9s &raquo;<\/a><\/p>\n","protected":false},"author":1,"featured_media":0,"parent":0,"menu_order":0,"comment_status":"closed","ping_status":"closed","template":"elementor_header_footer","meta":{"site-sidebar-layout":"no-sidebar","site-content-layout":"page-builder","ast-global-header-display":"","ast-banner-title-visibility":"","ast-main-header-display":"","ast-hfb-above-header-display":"","ast-hfb-below-header-display":"","ast-hfb-mobile-header-display":"","site-post-title":"disabled","ast-breadcrumbs-content":"","ast-featured-img":"disabled","footer-sml-layout":"","theme-transparent-header-meta":"default","adv-header-id-meta":"","stick-header-meta":"","header-above-stick-meta":"","header-main-stick-meta":"","header-below-stick-meta":""},"_links":{"self":[{"href":"https:\/\/gs3av.com\/ca\/wp-json\/wp\/v2\/pages\/824"}],"collection":[{"href":"https:\/\/gs3av.com\/ca\/wp-json\/wp\/v2\/pages"}],"about":[{"href":"https:\/\/gs3av.com\/ca\/wp-json\/wp\/v2\/types\/page"}],"author":[{"embeddable":true,"href":"https:\/\/gs3av.com\/ca\/wp-json\/wp\/v2\/users\/1"}],"replies":[{"embeddable":true,"href":"https:\/\/gs3av.com\/ca\/wp-json\/wp\/v2\/comments?post=824"}],"version-history":[{"count":11,"href":"https:\/\/gs3av.com\/ca\/wp-json\/wp\/v2\/pages\/824\/revisions"}],"predecessor-version":[{"id":909,"href":"https:\/\/gs3av.com\/ca\/wp-json\/wp\/v2\/pages\/824\/revisions\/909"}],"wp:attachment":[{"href":"https:\/\/gs3av.com\/ca\/wp-json\/wp\/v2\/media?parent=824"}],"curies":[{"name":"wp","href":"https:\/\/api.w.org\/{rel}","templated":true}]}}