{"id":745,"date":"2023-05-22T20:54:51","date_gmt":"2023-05-22T20:54:51","guid":{"rendered":"https:\/\/gs3av.com\/?page_id=745"},"modified":"2026-02-02T19:08:54","modified_gmt":"2026-02-02T19:08:54","slug":"politiques-de-cookies","status":"publish","type":"page","link":"https:\/\/gs3av.com\/ca\/politiques-de-cookies\/","title":{"rendered":"Pol\u00edtica de cookies"},"content":{"rendered":"\t\t<div data-elementor-type=\"wp-page\" data-elementor-id=\"745\" class=\"elementor elementor-745 elementor-694\">\n\t\t\t\t\t\t\t\t\t<section class=\"elementor-section elementor-top-section elementor-element elementor-element-14d63c3b elementor-section-content-middle elementor-section-boxed elementor-section-height-default elementor-section-height-default\" data-id=\"14d63c3b\" data-element_type=\"section\" data-settings=\"{&quot;background_background&quot;:&quot;classic&quot;}\">\n\t\t\t\t\t\t\t<div class=\"elementor-background-overlay\"><\/div>\n\t\t\t\t\t\t\t<div class=\"elementor-container elementor-column-gap-default\">\n\t\t\t\t\t<div class=\"elementor-column elementor-col-100 elementor-top-column elementor-element elementor-element-5a03ed20\" data-id=\"5a03ed20\" data-element_type=\"column\">\n\t\t\t<div class=\"elementor-widget-wrap elementor-element-populated\">\n\t\t\t\t\t\t\t\t<section class=\"elementor-section elementor-inner-section elementor-element elementor-element-66bf63 elementor-section-boxed elementor-section-height-default elementor-section-height-default\" data-id=\"66bf63\" data-element_type=\"section\">\n\t\t\t\t\t\t<div class=\"elementor-container elementor-column-gap-default\">\n\t\t\t\t\t<div class=\"elementor-column elementor-col-100 elementor-inner-column elementor-element elementor-element-71a0b877\" data-id=\"71a0b877\" data-element_type=\"column\">\n\t\t\t<div class=\"elementor-widget-wrap elementor-element-populated\">\n\t\t\t\t\t\t\t\t<div class=\"elementor-element elementor-element-7354323d elementor-widget elementor-widget-heading\" data-id=\"7354323d\" data-element_type=\"widget\" data-widget_type=\"heading.default\">\n\t\t\t\t<div class=\"elementor-widget-container\">\n\t\t\t<style>\/*! elementor - v3.13.2 - 11-05-2023 *\/\n.elementor-heading-title{padding:0;margin:0;line-height:1}.elementor-widget-heading .elementor-heading-title[class*=elementor-size-]>a{color:inherit;font-size:inherit;line-height:inherit}.elementor-widget-heading .elementor-heading-title.elementor-size-small{font-size:15px}.elementor-widget-heading .elementor-heading-title.elementor-size-medium{font-size:19px}.elementor-widget-heading .elementor-heading-title.elementor-size-large{font-size:29px}.elementor-widget-heading .elementor-heading-title.elementor-size-xl{font-size:39px}.elementor-widget-heading .elementor-heading-title.elementor-size-xxl{font-size:59px}<\/style><h2 class=\"elementor-heading-title elementor-size-default\">Pol\u00edtica de cookies<\/h2>\t\t<\/div>\n\t\t\t\t<\/div>\n\t\t\t\t\t<\/div>\n\t\t<\/div>\n\t\t\t\t\t\t\t<\/div>\n\t\t<\/section>\n\t\t\t\t\t<\/div>\n\t\t<\/div>\n\t\t\t\t\t\t\t<\/div>\n\t\t<\/section>\n\t\t\t\t<section class=\"elementor-section elementor-top-section elementor-element elementor-element-363c145d elementor-section-boxed elementor-section-height-default elementor-section-height-default\" data-id=\"363c145d\" data-element_type=\"section\">\n\t\t\t\t\t\t<div class=\"elementor-container elementor-column-gap-default\">\n\t\t\t\t\t<div class=\"elementor-column elementor-col-100 elementor-top-column elementor-element elementor-element-62f77561\" data-id=\"62f77561\" data-element_type=\"column\">\n\t\t\t<div class=\"elementor-widget-wrap elementor-element-populated\">\n\t\t\t\t\t\t\t\t<div class=\"elementor-element elementor-element-753e37ff elementor-widget elementor-widget-text-editor\" data-id=\"753e37ff\" data-element_type=\"widget\" data-widget_type=\"text-editor.default\">\n\t\t\t\t<div class=\"elementor-widget-container\">\n\t\t\t<style>\/*! elementor - v3.13.2 - 11-05-2023 *\/\n.elementor-widget-text-editor.elementor-drop-cap-view-stacked .elementor-drop-cap{background-color:#69727d;color:#fff}.elementor-widget-text-editor.elementor-drop-cap-view-framed .elementor-drop-cap{color:#69727d;border:3px solid;background-color:transparent}.elementor-widget-text-editor:not(.elementor-drop-cap-view-default) .elementor-drop-cap{margin-top:8px}.elementor-widget-text-editor:not(.elementor-drop-cap-view-default) .elementor-drop-cap-letter{width:1em;height:1em}.elementor-widget-text-editor .elementor-drop-cap{float:left;text-align:center;line-height:1;font-size:50px}.elementor-widget-text-editor .elementor-drop-cap-letter{display:inline-block}<\/style>\t\t\t\t<p>GS3 INSTAL, S.L.U. proporciona informaci\u00f3 sobre l&#8217;\u00fas de les galetes al seu lloc web:<a href=\"http:\/\/www.gs3av.com\"> www.gs3av.com<\/a><\/p><p><strong>Qu\u00e8 s\u00f3n les galetes?<\/strong><\/p><p>Les galetes s\u00f3n fitxers que es poden descarregar al vostre ordinador a trav\u00e9s de les p\u00e0gines web. S\u00f3n eines que tenen un paper essencial en la prestaci\u00f3 de nombrosos serveis de la societat de la informaci\u00f3. Entre altres coses, permeten que una p\u00e0gina web emmagatzemi i recuperi informaci\u00f3 sobre els h\u00e0bits de navegaci\u00f3 d&#8217;un usuari o del seu ordinador i, en funci\u00f3 de la informaci\u00f3 obtinguda, es poden utilitzar per recon\u00e8ixer l&#8217;usuari i millorar el servei ofert.<\/p><p><strong>Tipus de galetes<\/strong><\/p><p>Segons l&#8217;entitat que gestiona el domini des del qual s&#8217;envien les galetes i tracta les dades obtingudes, se&#8217;n poden distingir dos tipus:<\/p><ul><li>Cookies pr\u00f2pies: Aquelles que s&#8217;envien a l&#8217;equip terminal de l&#8217;usuari des d&#8217;un ordinador o domini gestionat pel propi editor, des del qual es proporciona el servei sol\u00b7licitat per l&#8217;usuari.<\/li><li>Cookies de tercers: Aquelles que s&#8217;envien a l&#8217;equip terminal de l&#8217;usuari des d&#8217;un ordinador o domini que no \u00e9s gestionat per l&#8217;editor, sin\u00f3 per una altra entitat que processa les dades obtingudes mitjan\u00e7ant les cookies.<\/li><\/ul><p>En el cas que les galetes s&#8217;instal\u00b7lin des d&#8217;un ordinador o domini gestionat pel propi editor, per\u00f2 la informaci\u00f3 recollida a trav\u00e9s d&#8217;aquestes sigui gestionada per un tercer, no es poden considerar galetes pr\u00f2pies.<\/p><p>Tamb\u00e9 hi ha una segona classificaci\u00f3 segons el temps que romanen emmagatzemades al navegador del client, que pot ser:<\/p><ul><li>Cookies de sessi\u00f3: Dissenyades per a recollir i emmagatzemar dades mentre l&#8217;usuari accedeix a un lloc web. S&#8217;utilitzen habitualment per a emmagatzemar informaci\u00f3 que nom\u00e9s \u00e9s rellevant per a la prestaci\u00f3 del servei sol\u00b7licitat per l&#8217;usuari en una sola ocasi\u00f3 (p. ex., una llista de productes comprats).<\/li><li>Cookies persistents: Les dades romanen emmagatzemades a la terminal i es poden accedir-hi i processar-les durant un per\u00edode definit per l&#8217;administrador de les cookies, que pot anar des de pocs minuts fins a diversos anys.<\/li><\/ul><p>Finalment, hi ha una altra classificaci\u00f3 amb sis tipus de galetes segons la finalitat per a la qual es tracten les dades obtingudes:<\/p><ul><li>Cookies t\u00e8cniques: Aquestes permeten a l&#8217;usuari navegar per un lloc web, plataforma o aplicaci\u00f3 i utilitzar les diferents opcions o serveis que hi existeixen, com ara, per exemple, controlar el tr\u00e0nsit i la comunicaci\u00f3 de dades, identificar la sessi\u00f3, accedir a \u00e0rees restringides, recordar els articles inclosos en una comanda, dur a terme el proc\u00e9s de compra d&#8217;una comanda, sol\u00b7licitar el registre o la participaci\u00f3 en un esdeveniment, utilitzar elements de seguretat durant la navegaci\u00f3, emmagatzemar contingut per a la difusi\u00f3 de v\u00eddeos o so, o compartir contingut a trav\u00e9s de xarxes socials.<\/li><li>Cookies de personalitzaci\u00f3: Permeten a l&#8217;usuari accedir al servei amb algunes caracter\u00edstiques generals predefinides segons una s\u00e8rie de criteris a la terminal de l&#8217;usuari, com ara l&#8217;idioma, el tipus de navegador a trav\u00e9s del qual s&#8217;accedeix al servei, la configuraci\u00f3 regional des de la qual s&#8217;accedeix al servei, etc.<\/li><li>Cookies d&#8217;an\u00e0lisi: Permeten a la part responsable el seguiment i l&#8217;an\u00e0lisi del comportament dels usuaris dels llocs web als quals estan vinculades. La informaci\u00f3 recollida a trav\u00e9s d&#8217;aquest tipus de galeta s&#8217;utilitza per mesurar l&#8217;activitat dels llocs web, l&#8217;aplicaci\u00f3 o la plataforma i per crear perfils de navegaci\u00f3 dels usuaris d&#8217;aquests llocs, aplicacions i plataformes, amb la finalitat d&#8217;introduir millores basades en l&#8217;an\u00e0lisi de les dades d&#8217;\u00fas fetes pels usuaris del servei.<\/li><li>Cookies publicit\u00e0ries: Permeten la gesti\u00f3 m\u00e9s efica\u00e7 de l&#8217;espai publicitari.<\/li><li>Cookies de publicitat conductual: Emmagatzemen informaci\u00f3 sobre el comportament de l&#8217;usuari obtinguda mitjan\u00e7ant l&#8217;observaci\u00f3 cont\u00ednua dels seus h\u00e0bits de navegaci\u00f3, la qual cosa permet desenvolupar un perfil espec\u00edfic per tal de mostrar publicitat basada en aquest perfil.<\/li><li>Cookies de xarxes socials externes: S&#8217;utilitzen per permetre als visitants interactuar amb el contingut de diferents plataformes de xarxes socials (Facebook, YouTube, Twitter, LinkedIn, etc.) i nom\u00e9s es generen per als usuaris d&#8217;aquestes plataformes de xarxes socials. Les condicions d&#8217;\u00fas d&#8217;aquestes cookies i la informaci\u00f3 recollida estan regulades per la pol\u00edtica de privacitat de la plataforma de xarxes socials corresponent.<\/li><\/ul><p><strong>Desactivaci\u00f3 i eliminaci\u00f3 de galetes<\/strong><\/p><p>Teniu l&#8217;opci\u00f3 de permetre, bloquejar o eliminar les galetes instal\u00b7lades al vostre ordinador configurant les opcions del navegador que tingueu instal\u00b7lat. Si desactiveu les galetes, \u00e9s possible que alguns dels serveis disponibles ja no funcionin. La manera de desactivar les galetes \u00e9s diferent per a cada navegador, per\u00f2 normalment es pot fer des del men\u00fa Eines o Opcions. Tamb\u00e9 podeu consultar el men\u00fa Ajuda del navegador, on trobareu instruccions. Els usuaris poden triar les galetes que volen que funcionin en aquest lloc web en qualsevol moment.<\/p><p>Podeu permetre, bloquejar o eliminar les galetes instal\u00b7lades al vostre ordinador configurant les opcions del navegador instal\u00b7lat al vostre ordinador:<\/p><ul><li>Microsoft Internet Explorer o Microsoft Edge: http:\/\/windows.microsoft.com\/es-es\/windows-vista\/Block-or-allow-cookies<\/li><li>Mozilla Firefox: http:\/\/support.mozilla.org\/es\/kb\/impedir-que-los-sitios-web-guarden-sus-preferencia<\/li><li>Chrome: https:\/\/support.google.com\/accounts\/answer\/61416?hl=es<\/li><li>Safari: http:\/\/safari.helpmax.net\/es\/privacidad-y-seguridad\/como-gestionar-las-cookies\/<\/li><li>Opera: http:\/\/help.opera.com\/Linux\/10.60\/es-ES\/cookies.html<\/li><\/ul><p>A m\u00e9s, tamb\u00e9 podeu gestionar l&#8217;emmagatzematge de galetes al vostre navegador mitjan\u00e7ant eines com les seg\u00fcents:<\/p><ul><li>Ghostery: www.ghostery.com<\/li><li>Your Online Choices: www.youronlinechoices.com\/es\/<\/li><\/ul><p>Cookies utilitzades a<a href=\"http:\/\/www.gs3av.com\"> www.gs3av.com<\/a><\/p><p>Aquest lloc web nom\u00e9s utilitza les seves pr\u00f2pies galetes amb finalitats t\u00e8cniques; no recull ni transfereix les dades personals dels usuaris sense el seu coneixement.<\/p><p><a href=\"http:\/\/www.gs3av.com\">www.gs3av.com<\/a> mostra informaci\u00f3 sobre la seva Pol\u00edtica de galetes a la part inferior o superior de qualsevol p\u00e0gina del lloc web cada vegada que inici\u00efs la sessi\u00f3.<\/p>\t\t\t\t\t\t<\/div>\n\t\t\t\t<\/div>\n\t\t\t\t\t<\/div>\n\t\t<\/div>\n\t\t\t\t\t\t\t<\/div>\n\t\t<\/section>\n\t\t\t\t\t\t\t<\/div>\n\t\t","protected":false},"excerpt":{"rendered":"<p>Pol\u00edtica de cookies GS3 INSTAL, S.L.U. proporciona informaci\u00f3 sobre l&#8217;\u00fas de les galetes al seu lloc web: www.gs3av.com Qu\u00e8 s\u00f3n les galetes? Les galetes s\u00f3n fitxers que es poden descarregar al vostre ordinador a trav\u00e9s de les p\u00e0gines web. S\u00f3n eines que tenen un paper essencial en la prestaci\u00f3 de nombrosos serveis de la societat &hellip;<\/p>\n<p class=\"read-more\"> <a class=\"\" href=\"https:\/\/gs3av.com\/ca\/politiques-de-cookies\/\"> <span class=\"screen-reader-text\">Pol\u00edtica de cookies<\/span> Llegeix m\u00e9s &raquo;<\/a><\/p>\n","protected":false},"author":1,"featured_media":0,"parent":0,"menu_order":0,"comment_status":"closed","ping_status":"closed","template":"elementor_header_footer","meta":{"site-sidebar-layout":"no-sidebar","site-content-layout":"page-builder","ast-global-header-display":"","ast-banner-title-visibility":"","ast-main-header-display":"","ast-hfb-above-header-display":"","ast-hfb-below-header-display":"","ast-hfb-mobile-header-display":"","site-post-title":"disabled","ast-breadcrumbs-content":"","ast-featured-img":"disabled","footer-sml-layout":"","theme-transparent-header-meta":"default","adv-header-id-meta":"","stick-header-meta":"","header-above-stick-meta":"","header-main-stick-meta":"","header-below-stick-meta":""},"_links":{"self":[{"href":"https:\/\/gs3av.com\/ca\/wp-json\/wp\/v2\/pages\/745"}],"collection":[{"href":"https:\/\/gs3av.com\/ca\/wp-json\/wp\/v2\/pages"}],"about":[{"href":"https:\/\/gs3av.com\/ca\/wp-json\/wp\/v2\/types\/page"}],"author":[{"embeddable":true,"href":"https:\/\/gs3av.com\/ca\/wp-json\/wp\/v2\/users\/1"}],"replies":[{"embeddable":true,"href":"https:\/\/gs3av.com\/ca\/wp-json\/wp\/v2\/comments?post=745"}],"version-history":[{"count":8,"href":"https:\/\/gs3av.com\/ca\/wp-json\/wp\/v2\/pages\/745\/revisions"}],"predecessor-version":[{"id":905,"href":"https:\/\/gs3av.com\/ca\/wp-json\/wp\/v2\/pages\/745\/revisions\/905"}],"wp:attachment":[{"href":"https:\/\/gs3av.com\/ca\/wp-json\/wp\/v2\/media?parent=745"}],"curies":[{"name":"wp","href":"https:\/\/api.w.org\/{rel}","templated":true}]}}